{"id":594,"date":"2024-03-07T07:05:20","date_gmt":"2024-03-07T07:05:20","guid":{"rendered":"https:\/\/dev-lascumbresapart.gnahs.com\/?page_id=594"},"modified":"2024-10-22T09:13:32","modified_gmt":"2024-10-22T07:13:32","slug":"hotel-vielha-valle-de-aran","status":"publish","type":"page","link":"https:\/\/www.hotelalbares.com\/es\/hotel-vielha-valle-de-aran\/","title":{"rendered":"Hotel Albares"},"content":{"rendered":"\t\t<div data-elementor-type=\"wp-page\" data-elementor-id=\"594\" class=\"elementor elementor-594\" data-elementor-post-type=\"page\">\n\t\t\t\t<div class=\"elementor-element elementor-element-4cc78fdb e-flex e-con-boxed e-con e-parent\" data-id=\"4cc78fdb\" data-element_type=\"container\" data-settings=\"{&quot;background_background&quot;:&quot;classic&quot;}\">\n\t\t\t\t\t<div class=\"e-con-inner\">\n\t\t\t\t<div class=\"elementor-element elementor-element-7c8e4543 elementor-widget elementor-widget-heading\" data-id=\"7c8e4543\" data-element_type=\"widget\" data-widget_type=\"heading.default\">\n\t\t\t\t<div class=\"elementor-widget-container\">\n\t\t\t<div class=\"elementor-heading-title elementor-size-default\">Bienvenidos al Hotel Albares<\/div>\t\t<\/div>\n\t\t\t\t<\/div>\n\t\t\t\t<div class=\"elementor-element elementor-element-55efbab elementor-icon-list--layout-inline elementor-align-center elementor-list-item-link-full_width elementor-widget elementor-widget-icon-list\" data-id=\"55efbab\" data-element_type=\"widget\" data-widget_type=\"icon-list.default\">\n\t\t\t\t<div class=\"elementor-widget-container\">\n\t\t\t\t\t<ul class=\"elementor-icon-list-items elementor-inline-items\">\n\t\t\t\t\t\t\t<li class=\"elementor-icon-list-item elementor-inline-item\">\n\t\t\t\t\t\t\t\t\t\t\t<a href=\"https:\/\/www.hotelalbares.com\/\">\n\n\t\t\t\t\t\t\t\t\t\t\t<span class=\"elementor-icon-list-text\">Home <\/span>\n\t\t\t\t\t\t\t\t\t\t\t<\/a>\n\t\t\t\t\t\t\t\t\t<\/li>\n\t\t\t\t\t\t\t\t<li class=\"elementor-icon-list-item elementor-inline-item\">\n\t\t\t\t\t\t\t\t\t\t\t<span class=\"elementor-icon-list-icon\">\n\t\t\t\t\t\t\t<svg aria-hidden=\"true\" class=\"e-font-icon-svg e-fas-chevron-right\" viewBox=\"0 0 320 512\" xmlns=\"http:\/\/www.w3.org\/2000\/svg\"><path d=\"M285.476 272.971L91.132 467.314c-9.373 9.373-24.569 9.373-33.941 0l-22.667-22.667c-9.357-9.357-9.375-24.522-.04-33.901L188.505 256 34.484 101.255c-9.335-9.379-9.317-24.544.04-33.901l22.667-22.667c9.373-9.373 24.569-9.373 33.941 0L285.475 239.03c9.373 9.372 9.373 24.568.001 33.941z\"><\/path><\/svg>\t\t\t\t\t\t<\/span>\n\t\t\t\t\t\t\t\t\t\t<span class=\"elementor-icon-list-text\">Hotel Albares<\/span>\n\t\t\t\t\t\t\t\t\t<\/li>\n\t\t\t\t\t\t<\/ul>\n\t\t\t\t<\/div>\n\t\t\t\t<\/div>\n\t\t\t\t\t<\/div>\n\t\t\t\t<\/div>\n\t\t<div class=\"elementor-element elementor-element-ab97e43 e-flex e-con-boxed e-con e-parent\" data-id=\"ab97e43\" data-element_type=\"container\" data-settings=\"{&quot;motion_fx_motion_fx_scrolling&quot;:&quot;yes&quot;,&quot;motion_fx_translateY_effect&quot;:&quot;yes&quot;,&quot;motion_fx_devices&quot;:[&quot;desktop&quot;,&quot;tablet&quot;],&quot;motion_fx_translateY_speed&quot;:{&quot;unit&quot;:&quot;px&quot;,&quot;size&quot;:4,&quot;sizes&quot;:[]},&quot;motion_fx_translateY_affectedRange&quot;:{&quot;unit&quot;:&quot;%&quot;,&quot;size&quot;:&quot;&quot;,&quot;sizes&quot;:{&quot;start&quot;:0,&quot;end&quot;:100}}}\">\n\t\t\t\t\t<div class=\"e-con-inner\">\n\t\t<div class=\"elementor-element elementor-element-40a786c1 e-flex e-con-boxed e-con e-child\" data-id=\"40a786c1\" data-element_type=\"container\">\n\t\t\t\t\t<div class=\"e-con-inner\">\n\t\t\t\t<div class=\"elementor-element elementor-element-226d9e30 elementor-widget elementor-widget-heading\" data-id=\"226d9e30\" data-element_type=\"widget\" data-widget_type=\"heading.default\">\n\t\t\t\t<div class=\"elementor-widget-container\">\n\t\t\t<div class=\"elementor-heading-title elementor-size-default\">Hotel Albares<\/div>\t\t<\/div>\n\t\t\t\t<\/div>\n\t\t\t\t<div class=\"elementor-element elementor-element-6ff70d69 elementor-widget elementor-widget-heading\" data-id=\"6ff70d69\" data-element_type=\"widget\" data-widget_type=\"heading.default\">\n\t\t\t\t<div class=\"elementor-widget-container\">\n\t\t\t<h1 class=\"elementor-heading-title elementor-size-default\">Hotel en el centro de Vielha<\/h1>\t\t<\/div>\n\t\t\t\t<\/div>\n\t\t\t\t<div class=\"elementor-element elementor-element-167a18e elementor-widget elementor-widget-text-editor\" data-id=\"167a18e\" data-element_type=\"widget\" data-widget_type=\"text-editor.default\">\n\t\t\t\t<div class=\"elementor-widget-container\">\n\t\t\t\t\t\t\t<p>Bienvenidos al <strong>Hotel Albares<\/strong>, un acogedor alojamiento de gesti\u00f3n familiar donde cada detalle est\u00e1 pensado para ofrecerte un trato personal, cercano y adaptado a todas tus necesidades.<\/p><p>Situado en el coraz\u00f3n de <a href=\"https:\/\/www.hotelalbares.com\/que-hacer-vielha-valle-de-aran\/\"><strong>Vielha<\/strong><\/a>, en el<strong> Valle de Ar\u00e1n<\/strong>, nuestro hotel combina la tradici\u00f3n y el encanto de una antigua casa aranesa con todas las comodidades modernas que har\u00e1n de tu estancia una experiencia inolvidable.<\/p><p>La estructura del hotel, cuidadosamente reformada, conserva su esencia tradicional para garantizar el m\u00e1ximo confort, brindando un refugio ideal tanto para familias como para quienes desean disfrutar de la tranquilidad del valle. La ubicaci\u00f3n en pleno centro de Vielha permite conocer f\u00e1cilmente el pueblo, explorar los comercios locales y disfrutar de todo lo que la regi\u00f3n tiene para ofrecer, desde la naturaleza hasta la cultura.<\/p><p>El <strong>Hotel Albares <\/strong>te invita a vivir unas vacaciones de ensue\u00f1o en el Valle de Ar\u00e1n, con un servicio personalizado y las mejores condiciones para una estancia memorable.<\/p><p>\u00a1Te esperamos con los brazos abiertos!<\/p>\t\t\t\t\t\t<\/div>\n\t\t\t\t<\/div>\n\t\t<div class=\"elementor-element elementor-element-2081fad e-grid e-con-full e-con e-child\" data-id=\"2081fad\" data-element_type=\"container\">\n\t\t\t\t<div class=\"elementor-element elementor-element-d6d2802 elementor-view-default elementor-position-top elementor-mobile-position-top elementor-widget elementor-widget-icon-box\" data-id=\"d6d2802\" data-element_type=\"widget\" data-widget_type=\"icon-box.default\">\n\t\t\t\t<div class=\"elementor-widget-container\">\n\t\t\t\t\t<div class=\"elementor-icon-box-wrapper\">\n\n\t\t\t\t\t\t<div class=\"elementor-icon-box-icon\">\n\t\t\t\t<span  class=\"elementor-icon elementor-animation-\">\n\t\t\t\t<svg aria-hidden=\"true\" class=\"e-font-icon-svg e-fas-bed\" viewBox=\"0 0 640 512\" xmlns=\"http:\/\/www.w3.org\/2000\/svg\"><path d=\"M176 256c44.11 0 80-35.89 80-80s-35.89-80-80-80-80 35.89-80 80 35.89 80 80 80zm352-128H304c-8.84 0-16 7.16-16 16v144H64V80c0-8.84-7.16-16-16-16H16C7.16 64 0 71.16 0 80v352c0 8.84 7.16 16 16 16h32c8.84 0 16-7.16 16-16v-48h512v48c0 8.84 7.16 16 16 16h32c8.84 0 16-7.16 16-16V240c0-61.86-50.14-112-112-112z\"><\/path><\/svg>\t\t\t\t<\/span>\n\t\t\t<\/div>\n\t\t\t\n\t\t\t\t\t\t<div class=\"elementor-icon-box-content\">\n\n\t\t\t\t\t\t\t\t\t<h2 class=\"elementor-icon-box-title\">\n\t\t\t\t\t\t<span  >\n\t\t\t\t\t\t\tServicios exclusivos\t\t\t\t\t\t<\/span>\n\t\t\t\t\t<\/h2>\n\t\t\t\t\n\t\t\t\t\t\t\t\t\t<p class=\"elementor-icon-box-description\">\n\t\t\t\t\t\tTe ofrecemos un trato cercano con servicios pensados para tu bienestar.\t\t\t\t\t<\/p>\n\t\t\t\t\n\t\t\t<\/div>\n\t\t\t\n\t\t<\/div>\n\t\t\t\t<\/div>\n\t\t\t\t<\/div>\n\t\t\t\t<div class=\"elementor-element elementor-element-4ade258 elementor-view-default elementor-position-top elementor-mobile-position-top elementor-widget elementor-widget-icon-box\" data-id=\"4ade258\" data-element_type=\"widget\" data-widget_type=\"icon-box.default\">\n\t\t\t\t<div class=\"elementor-widget-container\">\n\t\t\t\t\t<div class=\"elementor-icon-box-wrapper\">\n\n\t\t\t\t\t\t<div class=\"elementor-icon-box-icon\">\n\t\t\t\t<span  class=\"elementor-icon elementor-animation-\">\n\t\t\t\t<svg aria-hidden=\"true\" class=\"e-font-icon-svg e-fas-skiing\" viewBox=\"0 0 512 512\" xmlns=\"http:\/\/www.w3.org\/2000\/svg\"><path d=\"M432 96c26.5 0 48-21.5 48-48S458.5 0 432 0s-48 21.5-48 48 21.5 48 48 48zm73 356.1c-9.4-9.4-24.6-9.4-33.9 0-12.1 12.1-30.5 15.4-45.1 8.7l-135.8-70.2 49.2-73.8c12.7-19 10.2-44.5-6-60.6L293 215.7l-107-53.1c-2.9 19.9 3.4 40 17.7 54.4l75.1 75.2-45.9 68.8L35 258.7c-11.7-6-26.2-1.5-32.3 10.3-6.1 11.8-1.5 26.3 10.3 32.3l391.9 202.5c11.9 5.5 24.5 8.1 37.1 8.1 23.2 0 46-9 63-26 9.3-9.3 9.3-24.5 0-33.8zM120 91.6l-11.5 22.5c14.4 7.3 31.2 4.9 42.8-4.8l47.2 23.4c-.1.1-.1.2-.2.3l114.5 56.8 32.4-13 6.4 19.1c4 12.1 12.6 22 24 27.7l58.1 29c15.9 7.9 35 1.5 42.9-14.3 7.9-15.8 1.5-35-14.3-42.9l-52.1-26.1-17.1-51.2c-8.1-24.2-40.9-56.6-84.5-39.2l-81.2 32.5-62.5-31c.3-14.5-7.2-28.6-20.9-35.6l-11.1 21.7h-.2l-34.4-7c-1.8-.4-3.7.2-5 1.7-1.9 2.2-1.7 5.5.5 7.4l26.2 23z\"><\/path><\/svg>\t\t\t\t<\/span>\n\t\t\t<\/div>\n\t\t\t\n\t\t\t\t\t\t<div class=\"elementor-icon-box-content\">\n\n\t\t\t\t\t\t\t\t\t<h2 class=\"elementor-icon-box-title\">\n\t\t\t\t\t\t<span  >\n\t\t\t\t\t\t\tUbicado cerca de Baqueira Beret\t\t\t\t\t\t<\/span>\n\t\t\t\t\t<\/h2>\n\t\t\t\t\n\t\t\t\t\t\t\t\t\t<p class=\"elementor-icon-box-description\">\n\t\t\t\t\t\tUbicaci\u00f3n privilegiada a 15 minutos de la estaci\u00f3n de esqu\u00ed Baqueira Beret. \t\t\t\t\t<\/p>\n\t\t\t\t\n\t\t\t<\/div>\n\t\t\t\n\t\t<\/div>\n\t\t\t\t<\/div>\n\t\t\t\t<\/div>\n\t\t\t\t<\/div>\n\t\t\t\t<div class=\"elementor-element elementor-element-1615a86 elementor-widget elementor-widget-text-editor\" data-id=\"1615a86\" data-element_type=\"widget\" data-widget_type=\"text-editor.default\">\n\t\t\t\t<div class=\"elementor-widget-container\">\n\t\t\t\t\t\t\t<p>El <strong>Hotel Albares<\/strong>, situado en el pintoresco pueblo de <strong>Vielha<\/strong>, en el <strong>Valle de Ar\u00e1n<\/strong>, es el lugar ideal para unas vacaciones en familia. Gracias a su excelente ubicaci\u00f3n y a sus servicios de calidad, este hotel garantiza una estancia inolvidable.<\/p>\t\t\t\t\t\t<\/div>\n\t\t\t\t<\/div>\n\t\t\t\t\t<\/div>\n\t\t\t\t<\/div>\n\t\t\t\t\t<\/div>\n\t\t\t\t<\/div>\n\t\t<div class=\"elementor-element elementor-element-c238977 e-flex e-con-boxed e-con e-parent\" data-id=\"c238977\" data-element_type=\"container\">\n\t\t\t\t\t<div class=\"e-con-inner\">\n\t\t\t\t<div class=\"elementor-element elementor-element-a3319fc elementor-skin-slideshow elementor-arrows-yes elementor-widget elementor-widget-media-carousel\" data-id=\"a3319fc\" data-element_type=\"widget\" data-settings=\"{&quot;skin&quot;:&quot;slideshow&quot;,&quot;lazyload&quot;:&quot;yes&quot;,&quot;effect&quot;:&quot;slide&quot;,&quot;show_arrows&quot;:&quot;yes&quot;,&quot;speed&quot;:500,&quot;autoplay&quot;:&quot;yes&quot;,&quot;autoplay_speed&quot;:5000,&quot;loop&quot;:&quot;yes&quot;,&quot;pause_on_hover&quot;:&quot;yes&quot;,&quot;pause_on_interaction&quot;:&quot;yes&quot;,&quot;space_between&quot;:{&quot;unit&quot;:&quot;px&quot;,&quot;size&quot;:10,&quot;sizes&quot;:[]},&quot;space_between_tablet&quot;:{&quot;unit&quot;:&quot;px&quot;,&quot;size&quot;:10,&quot;sizes&quot;:[]},&quot;space_between_mobile&quot;:{&quot;unit&quot;:&quot;px&quot;,&quot;size&quot;:10,&quot;sizes&quot;:[]}}\" data-widget_type=\"media-carousel.default\">\n\t\t\t\t<div class=\"elementor-widget-container\">\n\t\t\t\t\t<div class=\"elementor-swiper\">\n\t\t\t<div class=\"elementor-main-swiper swiper\">\n\t\t\t\t<div class=\"swiper-wrapper\">\n\t\t\t\t\t\t\t\t\t\t\t<div class=\"swiper-slide\">\n\t\t\t\t\t\t\t<a href=\"https:\/\/www.hotelalbares.com\/wp-content\/uploads\/2024\/09\/flores-casas-paisaje-vielha-hotel-albares-vielha-cataluna-espana.jpg\" data-elementor-open-lightbox=\"yes\" data-elementor-lightbox-slideshow=\"a3319fc\" data-elementor-lightbox-title=\"flores-casas-paisaje-vielha-hotel-albares-vielha-cataluna-espana\" data-e-action-hash=\"#elementor-action%3Aaction%3Dlightbox%26settings%3DeyJpZCI6NDQ0MiwidXJsIjoiaHR0cHM6XC9cL3d3dy5ob3RlbGFsYmFyZXMuY29tXC93cC1jb250ZW50XC91cGxvYWRzXC8yMDI0XC8wOVwvZmxvcmVzLWNhc2FzLXBhaXNhamUtdmllbGhhLWhvdGVsLWFsYmFyZXMtdmllbGhhLWNhdGFsdW5hLWVzcGFuYS5qcGciLCJzbGlkZXNob3ciOiJhMzMxOWZjIn0%3D\">\t\t<div class=\"elementor-carousel-image swiper-lazy\" role=\"img\" aria-label=\"flores-casas-paisaje-vielha-hotel-albares-vielha-cataluna-espana\" data-background=\"https:\/\/www.hotelalbares.com\/wp-content\/uploads\/2024\/09\/flores-casas-paisaje-vielha-hotel-albares-vielha-cataluna-espana.jpg\">\n\n\t\t\t\t\t\t\t<div class=\"swiper-lazy-preloader\"><\/div>\n\t\t\t\n\t\t\t\t\t<\/div>\n\t\t<\/a>\t\t\t\t\t\t<\/div>\n\t\t\t\t\t\t\t\t\t\t\t<div class=\"swiper-slide\">\n\t\t\t\t\t\t\t<a href=\"https:\/\/www.hotelalbares.com\/wp-content\/uploads\/2024\/09\/habitacion-doble-ventana-camas-hotel-albares-vielha-cataluna-espana.jpg\" data-elementor-open-lightbox=\"yes\" data-elementor-lightbox-slideshow=\"a3319fc\" data-elementor-lightbox-title=\"habitacion-doble-ventana-camas-hotel-albares-vielha-cataluna-espana\" data-e-action-hash=\"#elementor-action%3Aaction%3Dlightbox%26settings%3DeyJpZCI6NDM4MSwidXJsIjoiaHR0cHM6XC9cL3d3dy5ob3RlbGFsYmFyZXMuY29tXC93cC1jb250ZW50XC91cGxvYWRzXC8yMDI0XC8wOVwvaGFiaXRhY2lvbi1kb2JsZS12ZW50YW5hLWNhbWFzLWhvdGVsLWFsYmFyZXMtdmllbGhhLWNhdGFsdW5hLWVzcGFuYS5qcGciLCJzbGlkZXNob3ciOiJhMzMxOWZjIn0%3D\">\t\t<div class=\"elementor-carousel-image swiper-lazy\" role=\"img\" aria-label=\"habitacion-doble-ventana-camas-hotel-albares-vielha-cataluna-espana\" data-background=\"https:\/\/www.hotelalbares.com\/wp-content\/uploads\/2024\/09\/habitacion-doble-ventana-camas-hotel-albares-vielha-cataluna-espana.jpg\">\n\n\t\t\t\t\t\t\t<div class=\"swiper-lazy-preloader\"><\/div>\n\t\t\t\n\t\t\t\t\t<\/div>\n\t\t<\/a>\t\t\t\t\t\t<\/div>\n\t\t\t\t\t\t\t\t\t\t\t<div class=\"swiper-slide\">\n\t\t\t\t\t\t\t<a href=\"https:\/\/www.hotelalbares.com\/wp-content\/uploads\/2024\/09\/salon-comedor-chimenea-hotel-albares-vielha-cataluna-espana-1.jpg\" data-elementor-open-lightbox=\"yes\" data-elementor-lightbox-slideshow=\"a3319fc\" data-elementor-lightbox-title=\"salon-comedor-chimenea-hotel-albares-vielha-cataluna-espana\" data-e-action-hash=\"#elementor-action%3Aaction%3Dlightbox%26settings%3DeyJpZCI6NDQ0OSwidXJsIjoiaHR0cHM6XC9cL3d3dy5ob3RlbGFsYmFyZXMuY29tXC93cC1jb250ZW50XC91cGxvYWRzXC8yMDI0XC8wOVwvc2Fsb24tY29tZWRvci1jaGltZW5lYS1ob3RlbC1hbGJhcmVzLXZpZWxoYS1jYXRhbHVuYS1lc3BhbmEtMS5qcGciLCJzbGlkZXNob3ciOiJhMzMxOWZjIn0%3D\">\t\t<div class=\"elementor-carousel-image swiper-lazy\" role=\"img\" aria-label=\"salon-comedor-chimenea-hotel-albares-vielha-cataluna-espana\" data-background=\"https:\/\/www.hotelalbares.com\/wp-content\/uploads\/2024\/09\/salon-comedor-chimenea-hotel-albares-vielha-cataluna-espana-1.jpg\">\n\n\t\t\t\t\t\t\t<div class=\"swiper-lazy-preloader\"><\/div>\n\t\t\t\n\t\t\t\t\t<\/div>\n\t\t<\/a>\t\t\t\t\t\t<\/div>\n\t\t\t\t\t\t\t\t\t<\/div>\n\t\t\t\t\t\t\t\t\t\t\t\t\t\t\t\t\t\t\t\t<div class=\"elementor-swiper-button elementor-swiper-button-prev\" role=\"button\" tabindex=\"0\">\n\t\t\t\t\t\t\t<svg aria-hidden=\"true\" class=\"e-font-icon-svg e-eicon-chevron-left\" viewBox=\"0 0 1000 1000\" xmlns=\"http:\/\/www.w3.org\/2000\/svg\"><path d=\"M646 125C629 125 613 133 604 142L308 442C296 454 292 471 292 487 292 504 296 521 308 533L604 854C617 867 629 875 646 875 663 875 679 871 692 858 704 846 713 829 713 812 713 796 708 779 692 767L438 487 692 225C700 217 708 204 708 187 708 171 704 154 692 142 675 129 663 125 646 125Z\"><\/path><\/svg>\t\t\t\t\t\t\t<span class=\"elementor-screen-only\">Anterior<\/span>\n\t\t\t\t\t\t<\/div>\n\t\t\t\t\t\t<div class=\"elementor-swiper-button elementor-swiper-button-next\" role=\"button\" tabindex=\"0\">\n\t\t\t\t\t\t\t<svg aria-hidden=\"true\" class=\"e-font-icon-svg e-eicon-chevron-right\" viewBox=\"0 0 1000 1000\" xmlns=\"http:\/\/www.w3.org\/2000\/svg\"><path d=\"M696 533C708 521 713 504 713 487 713 471 708 454 696 446L400 146C388 133 375 125 354 125 338 125 325 129 313 142 300 154 292 171 292 187 292 204 296 221 308 233L563 492 304 771C292 783 288 800 288 817 288 833 296 850 308 863 321 871 338 875 354 875 371 875 388 867 400 854L696 533Z\"><\/path><\/svg>\t\t\t\t\t\t\t<span class=\"elementor-screen-only\">Siguiente<\/span>\n\t\t\t\t\t\t<\/div>\n\t\t\t\t\t\t\t\t\t\t\t\t<\/div>\n\t\t<\/div>\n\t\t\t\t<div class=\"elementor-swiper\">\n\t\t\t<div class=\"elementor-thumbnails-swiper swiper\">\n\t\t\t\t<div class=\"swiper-wrapper\">\n\t\t\t\t\t\t\t\t\t\t\t<div class=\"swiper-slide\">\n\t\t\t\t\t\t\t\t\t<div class=\"elementor-carousel-image swiper-lazy\" role=\"img\" aria-label=\"flores-casas-paisaje-vielha-hotel-albares-vielha-cataluna-espana\" data-background=\"https:\/\/www.hotelalbares.com\/wp-content\/uploads\/2024\/09\/flores-casas-paisaje-vielha-hotel-albares-vielha-cataluna-espana.jpg\">\n\n\t\t\t\t\t\t\t<div class=\"swiper-lazy-preloader\"><\/div>\n\t\t\t\n\t\t\t\t\t<\/div>\n\t\t<\/a>\t\t\t\t\t\t<\/div>\n\t\t\t\t\t\t\t\t\t\t\t<div class=\"swiper-slide\">\n\t\t\t\t\t\t\t\t\t<div class=\"elementor-carousel-image swiper-lazy\" role=\"img\" aria-label=\"habitacion-doble-ventana-camas-hotel-albares-vielha-cataluna-espana\" data-background=\"https:\/\/www.hotelalbares.com\/wp-content\/uploads\/2024\/09\/habitacion-doble-ventana-camas-hotel-albares-vielha-cataluna-espana.jpg\">\n\n\t\t\t\t\t\t\t<div class=\"swiper-lazy-preloader\"><\/div>\n\t\t\t\n\t\t\t\t\t<\/div>\n\t\t<\/a>\t\t\t\t\t\t<\/div>\n\t\t\t\t\t\t\t\t\t\t\t<div class=\"swiper-slide\">\n\t\t\t\t\t\t\t\t\t<div class=\"elementor-carousel-image swiper-lazy\" role=\"img\" aria-label=\"salon-comedor-chimenea-hotel-albares-vielha-cataluna-espana\" data-background=\"https:\/\/www.hotelalbares.com\/wp-content\/uploads\/2024\/09\/salon-comedor-chimenea-hotel-albares-vielha-cataluna-espana-1.jpg\">\n\n\t\t\t\t\t\t\t<div class=\"swiper-lazy-preloader\"><\/div>\n\t\t\t\n\t\t\t\t\t<\/div>\n\t\t<\/a>\t\t\t\t\t\t<\/div>\n\t\t\t\t\t\t\t\t\t<\/div>\n\t\t\t\t\t\t\t\t\t\t\t\t\t\t\t\t\t\t\t\t\t<\/div>\n\t\t<\/div>\n\t\t\t\t<\/div>\n\t\t\t\t<\/div>\n\t\t\t\t\t<\/div>\n\t\t\t\t<\/div>\n\t\t\t\t<\/div>\n\t\t","protected":false},"excerpt":{"rendered":"<p>Bienvenidos al Hotel Albares Home Hotel Albares Hotel Albares Hotel en el centro de Vielha Bienvenidos al Hotel Albares, un acogedor alojamiento de gesti\u00f3n familiar donde cada detalle est\u00e1 pensado para ofrecerte un trato personal, cercano y adaptado a todas tus necesidades. Situado en el coraz\u00f3n de Vielha, en el Valle de Ar\u00e1n, nuestro hotel [&hellip;]<\/p>\n","protected":false},"author":4,"featured_media":0,"parent":0,"menu_order":51,"comment_status":"closed","ping_status":"closed","template":"","meta":{"footnotes":""},"class_list":["post-594","page","type-page","status-publish","hentry"],"yoast_head":"<!-- This site is optimized with the Yoast SEO plugin v23.4 - https:\/\/yoast.com\/wordpress\/plugins\/seo\/ -->\n<title>Hotel familiar en Vielha, Valle de Ar\u00e1n - Hotel Albares<\/title>\n<meta name=\"description\" content=\"El Hotel Albares es un hotel familiar en el centro de Vielha, Valle de Ar\u00e1n. En una antigua casa aranesa reformada en los Pirineos catalanes.\" \/>\n<meta name=\"robots\" content=\"index, follow, max-snippet:-1, max-image-preview:large, max-video-preview:-1\" \/>\n<link rel=\"canonical\" href=\"https:\/\/www.hotelalbares.com\/es\/hotel-vielha-valle-de-aran\/\" \/>\n<meta property=\"og:locale\" content=\"es_ES\" \/>\n<meta property=\"og:type\" content=\"article\" \/>\n<meta property=\"og:title\" content=\"Hotel familiar en Vielha, Valle de Ar\u00e1n - Hotel Albares\" \/>\n<meta property=\"og:description\" content=\"El Hotel Albares es un hotel familiar en el centro de Vielha, Valle de Ar\u00e1n. En una antigua casa aranesa reformada en los Pirineos catalanes.\" \/>\n<meta property=\"og:url\" content=\"https:\/\/www.hotelalbares.com\/es\/hotel-vielha-valle-de-aran\/\" \/>\n<meta property=\"og:site_name\" content=\"Hotel Albares\" \/>\n<meta property=\"article:modified_time\" content=\"2024-10-22T07:13:32+00:00\" \/>\n<meta property=\"og:image\" content=\"https:\/\/www.hotelalbares.com\/wp-content\/uploads\/2024\/10\/habitacion-doble-balcon-cama-hotel-albares-vielha-cataluna-espana-1.jpg\" \/>\n\t<meta property=\"og:image:width\" content=\"1280\" \/>\n\t<meta property=\"og:image:height\" content=\"848\" \/>\n\t<meta property=\"og:image:type\" content=\"image\/jpeg\" \/>\n<meta name=\"twitter:card\" content=\"summary_large_image\" \/>\n<meta name=\"twitter:label1\" content=\"Tiempo de lectura\" \/>\n\t<meta name=\"twitter:data1\" content=\"2 minutos\" \/>\n<script type=\"application\/ld+json\" class=\"yoast-schema-graph\">{\"@context\":\"https:\/\/schema.org\",\"@graph\":[{\"@type\":\"WebPage\",\"@id\":\"https:\/\/www.hotelalbares.com\/es\/hotel-vielha-valle-de-aran\/\",\"url\":\"https:\/\/www.hotelalbares.com\/es\/hotel-vielha-valle-de-aran\/\",\"name\":\"Hotel familiar en Vielha, Valle de Ar\u00e1n - Hotel Albares\",\"isPartOf\":{\"@id\":\"https:\/\/www.hotelalbares.com\/es\/#website\"},\"datePublished\":\"2024-03-07T07:05:20+00:00\",\"dateModified\":\"2024-10-22T07:13:32+00:00\",\"description\":\"El Hotel Albares es un hotel familiar en el centro de Vielha, Valle de Ar\u00e1n. En una antigua casa aranesa reformada en los Pirineos catalanes.\",\"breadcrumb\":{\"@id\":\"https:\/\/www.hotelalbares.com\/es\/hotel-vielha-valle-de-aran\/#breadcrumb\"},\"inLanguage\":\"es\",\"potentialAction\":[{\"@type\":\"ReadAction\",\"target\":[\"https:\/\/www.hotelalbares.com\/es\/hotel-vielha-valle-de-aran\/\"]}]},{\"@type\":\"BreadcrumbList\",\"@id\":\"https:\/\/www.hotelalbares.com\/es\/hotel-vielha-valle-de-aran\/#breadcrumb\",\"itemListElement\":[{\"@type\":\"ListItem\",\"position\":1,\"name\":\"Home\",\"item\":\"https:\/\/www.hotelalbares.com\/es\/\"},{\"@type\":\"ListItem\",\"position\":2,\"name\":\"Hotel Albares\"}]},{\"@type\":\"WebSite\",\"@id\":\"https:\/\/www.hotelalbares.com\/es\/#website\",\"url\":\"https:\/\/www.hotelalbares.com\/es\/\",\"name\":\"Hotel Albares\",\"description\":\"\",\"publisher\":{\"@id\":\"https:\/\/www.hotelalbares.com\/es\/#organization\"},\"potentialAction\":[{\"@type\":\"SearchAction\",\"target\":{\"@type\":\"EntryPoint\",\"urlTemplate\":\"https:\/\/www.hotelalbares.com\/es\/?s={search_term_string}\"},\"query-input\":{\"@type\":\"PropertyValueSpecification\",\"valueRequired\":true,\"valueName\":\"search_term_string\"}}],\"inLanguage\":\"es\"},{\"@type\":\"Organization\",\"@id\":\"https:\/\/www.hotelalbares.com\/es\/#organization\",\"name\":\"Hotel Albares\",\"url\":\"https:\/\/www.hotelalbares.com\/es\/\",\"logo\":{\"@type\":\"ImageObject\",\"inLanguage\":\"es\",\"@id\":\"https:\/\/www.hotelalbares.com\/es\/#\/schema\/logo\/image\/\",\"url\":\"https:\/\/www.hotelalbares.com\/wp-content\/uploads\/2024\/02\/Logo_Hotel-Albares.svg\",\"contentUrl\":\"https:\/\/www.hotelalbares.com\/wp-content\/uploads\/2024\/02\/Logo_Hotel-Albares.svg\",\"width\":1313.112,\"height\":431.481,\"caption\":\"Hotel Albares\"},\"image\":{\"@id\":\"https:\/\/www.hotelalbares.com\/es\/#\/schema\/logo\/image\/\"}}]}<\/script>\n<!-- \/ Yoast SEO plugin. -->","yoast_head_json":{"title":"Hotel familiar en Vielha, Valle de Ar\u00e1n - Hotel Albares","description":"El Hotel Albares es un hotel familiar en el centro de Vielha, Valle de Ar\u00e1n. En una antigua casa aranesa reformada en los Pirineos catalanes.","robots":{"index":"index","follow":"follow","max-snippet":"max-snippet:-1","max-image-preview":"max-image-preview:large","max-video-preview":"max-video-preview:-1"},"canonical":"https:\/\/www.hotelalbares.com\/es\/hotel-vielha-valle-de-aran\/","og_locale":"es_ES","og_type":"article","og_title":"Hotel familiar en Vielha, Valle de Ar\u00e1n - Hotel Albares","og_description":"El Hotel Albares es un hotel familiar en el centro de Vielha, Valle de Ar\u00e1n. En una antigua casa aranesa reformada en los Pirineos catalanes.","og_url":"https:\/\/www.hotelalbares.com\/es\/hotel-vielha-valle-de-aran\/","og_site_name":"Hotel Albares","article_modified_time":"2024-10-22T07:13:32+00:00","og_image":[{"width":1280,"height":848,"url":"https:\/\/www.hotelalbares.com\/wp-content\/uploads\/2024\/10\/habitacion-doble-balcon-cama-hotel-albares-vielha-cataluna-espana-1.jpg","type":"image\/jpeg"}],"twitter_card":"summary_large_image","twitter_misc":{"Tiempo de lectura":"2 minutos"},"schema":{"@context":"https:\/\/schema.org","@graph":[{"@type":"WebPage","@id":"https:\/\/www.hotelalbares.com\/es\/hotel-vielha-valle-de-aran\/","url":"https:\/\/www.hotelalbares.com\/es\/hotel-vielha-valle-de-aran\/","name":"Hotel familiar en Vielha, Valle de Ar\u00e1n - Hotel Albares","isPartOf":{"@id":"https:\/\/www.hotelalbares.com\/es\/#website"},"datePublished":"2024-03-07T07:05:20+00:00","dateModified":"2024-10-22T07:13:32+00:00","description":"El Hotel Albares es un hotel familiar en el centro de Vielha, Valle de Ar\u00e1n. En una antigua casa aranesa reformada en los Pirineos catalanes.","breadcrumb":{"@id":"https:\/\/www.hotelalbares.com\/es\/hotel-vielha-valle-de-aran\/#breadcrumb"},"inLanguage":"es","potentialAction":[{"@type":"ReadAction","target":["https:\/\/www.hotelalbares.com\/es\/hotel-vielha-valle-de-aran\/"]}]},{"@type":"BreadcrumbList","@id":"https:\/\/www.hotelalbares.com\/es\/hotel-vielha-valle-de-aran\/#breadcrumb","itemListElement":[{"@type":"ListItem","position":1,"name":"Home","item":"https:\/\/www.hotelalbares.com\/es\/"},{"@type":"ListItem","position":2,"name":"Hotel Albares"}]},{"@type":"WebSite","@id":"https:\/\/www.hotelalbares.com\/es\/#website","url":"https:\/\/www.hotelalbares.com\/es\/","name":"Hotel Albares","description":"","publisher":{"@id":"https:\/\/www.hotelalbares.com\/es\/#organization"},"potentialAction":[{"@type":"SearchAction","target":{"@type":"EntryPoint","urlTemplate":"https:\/\/www.hotelalbares.com\/es\/?s={search_term_string}"},"query-input":{"@type":"PropertyValueSpecification","valueRequired":true,"valueName":"search_term_string"}}],"inLanguage":"es"},{"@type":"Organization","@id":"https:\/\/www.hotelalbares.com\/es\/#organization","name":"Hotel Albares","url":"https:\/\/www.hotelalbares.com\/es\/","logo":{"@type":"ImageObject","inLanguage":"es","@id":"https:\/\/www.hotelalbares.com\/es\/#\/schema\/logo\/image\/","url":"https:\/\/www.hotelalbares.com\/wp-content\/uploads\/2024\/02\/Logo_Hotel-Albares.svg","contentUrl":"https:\/\/www.hotelalbares.com\/wp-content\/uploads\/2024\/02\/Logo_Hotel-Albares.svg","width":1313.112,"height":431.481,"caption":"Hotel Albares"},"image":{"@id":"https:\/\/www.hotelalbares.com\/es\/#\/schema\/logo\/image\/"}}]}},"_links":{"self":[{"href":"https:\/\/www.hotelalbares.com\/es\/wp-json\/wp\/v2\/pages\/594","targetHints":{"allow":["GET"]}}],"collection":[{"href":"https:\/\/www.hotelalbares.com\/es\/wp-json\/wp\/v2\/pages"}],"about":[{"href":"https:\/\/www.hotelalbares.com\/es\/wp-json\/wp\/v2\/types\/page"}],"author":[{"embeddable":true,"href":"https:\/\/www.hotelalbares.com\/es\/wp-json\/wp\/v2\/users\/4"}],"replies":[{"embeddable":true,"href":"https:\/\/www.hotelalbares.com\/es\/wp-json\/wp\/v2\/comments?post=594"}],"version-history":[{"count":147,"href":"https:\/\/www.hotelalbares.com\/es\/wp-json\/wp\/v2\/pages\/594\/revisions"}],"predecessor-version":[{"id":5862,"href":"https:\/\/www.hotelalbares.com\/es\/wp-json\/wp\/v2\/pages\/594\/revisions\/5862"}],"wp:attachment":[{"href":"https:\/\/www.hotelalbares.com\/es\/wp-json\/wp\/v2\/media?parent=594"}],"curies":[{"name":"wp","href":"https:\/\/api.w.org\/{rel}","templated":true}]}}