{"id":4300,"date":"2024-09-26T15:09:57","date_gmt":"2024-09-26T13:09:57","guid":{"rendered":"https:\/\/dev-hotelalbares.gnahs.com\/?page_id=4300"},"modified":"2024-10-09T16:42:52","modified_gmt":"2024-10-09T14:42:52","slug":"condiciones-de-reserva","status":"publish","type":"page","link":"https:\/\/www.hotelalbares.com\/es\/condiciones-de-reserva\/","title":{"rendered":"Condiciones de reserva"},"content":{"rendered":"\t\t<div data-elementor-type=\"wp-page\" data-elementor-id=\"4300\" class=\"elementor elementor-4300\" data-elementor-post-type=\"page\">\n\t\t\t\t<div class=\"elementor-element elementor-element-391e829 e-flex e-con-boxed e-con e-parent\" data-id=\"391e829\" data-element_type=\"container\" data-settings=\"{&quot;background_background&quot;:&quot;classic&quot;}\">\n\t\t\t\t\t<div class=\"e-con-inner\">\n\t\t\t\t<div class=\"elementor-element elementor-element-65252e79 elementor-widget elementor-widget-heading\" data-id=\"65252e79\" data-element_type=\"widget\" data-widget_type=\"heading.default\">\n\t\t\t\t<div class=\"elementor-widget-container\">\n\t\t\t<div class=\"elementor-heading-title elementor-size-default\">Condiciones de reserva<\/div>\t\t<\/div>\n\t\t\t\t<\/div>\n\t\t\t\t<div class=\"elementor-element elementor-element-41191bc1 elementor-icon-list--layout-inline elementor-align-center elementor-list-item-link-full_width elementor-widget elementor-widget-icon-list\" data-id=\"41191bc1\" data-element_type=\"widget\" data-widget_type=\"icon-list.default\">\n\t\t\t\t<div class=\"elementor-widget-container\">\n\t\t\t\t\t<ul class=\"elementor-icon-list-items elementor-inline-items\">\n\t\t\t\t\t\t\t<li class=\"elementor-icon-list-item elementor-inline-item\">\n\t\t\t\t\t\t\t\t\t\t\t<a href=\"https:\/\/www.hotelalbares.com\">\n\n\t\t\t\t\t\t\t\t\t\t\t<span class=\"elementor-icon-list-text\">Home <\/span>\n\t\t\t\t\t\t\t\t\t\t\t<\/a>\n\t\t\t\t\t\t\t\t\t<\/li>\n\t\t\t\t\t\t\t\t<li class=\"elementor-icon-list-item elementor-inline-item\">\n\t\t\t\t\t\t\t\t\t\t\t<span class=\"elementor-icon-list-icon\">\n\t\t\t\t\t\t\t<svg aria-hidden=\"true\" class=\"e-font-icon-svg e-fas-chevron-right\" viewBox=\"0 0 320 512\" xmlns=\"http:\/\/www.w3.org\/2000\/svg\"><path d=\"M285.476 272.971L91.132 467.314c-9.373 9.373-24.569 9.373-33.941 0l-22.667-22.667c-9.357-9.357-9.375-24.522-.04-33.901L188.505 256 34.484 101.255c-9.335-9.379-9.317-24.544.04-33.901l22.667-22.667c9.373-9.373 24.569-9.373 33.941 0L285.475 239.03c9.373 9.372 9.373 24.568.001 33.941z\"><\/path><\/svg>\t\t\t\t\t\t<\/span>\n\t\t\t\t\t\t\t\t\t\t<span class=\"elementor-icon-list-text\">Condiciones de reserva<\/span>\n\t\t\t\t\t\t\t\t\t<\/li>\n\t\t\t\t\t\t<\/ul>\n\t\t\t\t<\/div>\n\t\t\t\t<\/div>\n\t\t\t\t\t<\/div>\n\t\t\t\t<\/div>\n\t\t<div class=\"elementor-element elementor-element-f8b95bd e-flex e-con-boxed e-con e-parent\" data-id=\"f8b95bd\" data-element_type=\"container\" data-settings=\"{&quot;motion_fx_motion_fx_scrolling&quot;:&quot;yes&quot;,&quot;motion_fx_translateY_effect&quot;:&quot;yes&quot;,&quot;motion_fx_devices&quot;:[&quot;desktop&quot;,&quot;tablet&quot;],&quot;motion_fx_translateY_speed&quot;:{&quot;unit&quot;:&quot;px&quot;,&quot;size&quot;:4,&quot;sizes&quot;:[]},&quot;motion_fx_translateY_affectedRange&quot;:{&quot;unit&quot;:&quot;%&quot;,&quot;size&quot;:&quot;&quot;,&quot;sizes&quot;:{&quot;start&quot;:0,&quot;end&quot;:100}}}\">\n\t\t\t\t\t<div class=\"e-con-inner\">\n\t\t<div class=\"elementor-element elementor-element-234be06 e-flex e-con-boxed e-con e-child\" data-id=\"234be06\" data-element_type=\"container\">\n\t\t\t\t\t<div class=\"e-con-inner\">\n\t\t\t\t<div class=\"elementor-element elementor-element-8d67e4a elementor-widget elementor-widget-heading\" data-id=\"8d67e4a\" data-element_type=\"widget\" data-widget_type=\"heading.default\">\n\t\t\t\t<div class=\"elementor-widget-container\">\n\t\t\t<div class=\"elementor-heading-title elementor-size-default\">Textos legales<\/div>\t\t<\/div>\n\t\t\t\t<\/div>\n\t\t\t\t<div class=\"elementor-element elementor-element-35060b3 elementor-widget elementor-widget-heading\" data-id=\"35060b3\" data-element_type=\"widget\" data-widget_type=\"heading.default\">\n\t\t\t\t<div class=\"elementor-widget-container\">\n\t\t\t<h1 class=\"elementor-heading-title elementor-size-default\">Condiciones de reserva del Hotel Albares<\/h1>\t\t<\/div>\n\t\t\t\t<\/div>\n\t\t\t\t\t<\/div>\n\t\t\t\t<\/div>\n\t\t<div class=\"elementor-element elementor-element-173c315 e-flex e-con-boxed e-con e-child\" data-id=\"173c315\" data-element_type=\"container\">\n\t\t\t\t\t<div class=\"e-con-inner\">\n\t\t\t\t<div class=\"elementor-element elementor-element-92132b6 elementor-widget elementor-widget-text-editor\" data-id=\"92132b6\" data-element_type=\"widget\" data-widget_type=\"text-editor.default\">\n\t\t\t\t<div class=\"elementor-widget-container\">\n\t\t\t\t\t\t\t<h3><strong>Garant\u00eda de reserva<\/strong><\/h3><p>El hotel, a trav\u00e9s de la tarjeta de cr\u00e9dito facilitada por el cliente, cargar\u00e1 30 d\u00edas antes del d\u00eda de llegada el importe de la\/s primera\/s noche\/s de la\/s habitaci\u00f3n\/es reservadas. <br \/>En el caso de que la tarjeta de cr\u00e9dito facilitada por el cliente no fuera v\u00e1lida, el hotel contactar\u00e1 con el cliente para informarle y este tendr\u00e1 un plazo m\u00e1ximo de 24 horas para facilitar otra tarjeta de cr\u00e9dito. Si transcurrido dicho plazo no se ha solucionado el problema, la reserva se anular\u00e1 autom\u00e1ticamente.<br \/><br \/><\/p><h3><strong>Gastos de anulaci\u00f3n:<\/strong><\/h3><p>Si la anulaci\u00f3n se produce con m\u00e1s de 15 d\u00edas de antelaci\u00f3n con respecto al d\u00eda de llegada, el hotel reintegrar\u00e1 la totalidad del importe cargado en la tarjeta de cr\u00e9dito facilitada. <br \/>Si la anulaci\u00f3n se produce entre 10 y 5 d\u00edas con respecto al d\u00eda de llegada, se reintegrar\u00e1 el 50 % del importe adelantado, y si la anulaci\u00f3n se produce con menos de 5 d\u00edas de antelaci\u00f3n con respecto al d\u00eda de llegada, se perder\u00e1 toda la cantidad adelantada como garant\u00eda de reserva.<\/p><h3>\u00a0<\/h3><h3><strong>Salida anticipada:<\/strong><\/h3><p>En el caso de salida anticipada, el hotel cargar\u00e1 el 40 % de los servicios contratados y no utilizados.<\/p><p>\u00a0<\/p><h3><strong>Tasa tur\u00edstica:<\/strong><\/h3><p>La tasa tur\u00edstica no est\u00e1 incluida en los precios, siendo esta de 0,90 \u20ac + 10 % de IVA por persona mayor de 17 a\u00f1os y en un m\u00e1ximo de 7 noches de estancia.<\/p>\t\t\t\t\t\t<\/div>\n\t\t\t\t<\/div>\n\t\t\t\t\t<\/div>\n\t\t\t\t<\/div>\n\t\t\t\t\t<\/div>\n\t\t\t\t<\/div>\n\t\t\t\t<\/div>\n\t\t","protected":false},"excerpt":{"rendered":"<p>Condiciones de reserva Home Condiciones de reserva Textos legales Condiciones de reserva del Hotel Albares Garant\u00eda de reserva El hotel, a trav\u00e9s de la tarjeta de cr\u00e9dito facilitada por el cliente, cargar\u00e1 30 d\u00edas antes del d\u00eda de llegada el importe de la\/s primera\/s noche\/s de la\/s habitaci\u00f3n\/es reservadas. En el caso de que la [&hellip;]<\/p>\n","protected":false},"author":5,"featured_media":0,"parent":0,"menu_order":92,"comment_status":"closed","ping_status":"closed","template":"","meta":{"footnotes":""},"class_list":["post-4300","page","type-page","status-publish","hentry"],"yoast_head":"<!-- This site is optimized with the Yoast SEO plugin v23.4 - https:\/\/yoast.com\/wordpress\/plugins\/seo\/ -->\n<title>Condiciones de reserva - Hotel Albares, Vielha (Valle de Ar\u00e1n)<\/title>\n<meta name=\"description\" content=\"Consulta las condiciones de reserva de la web del Hotel Albares y reserva tu hotel en el centro de Vielha, en el Valle de Ar\u00e1n.\" \/>\n<meta name=\"robots\" content=\"noindex, follow\" \/>\n<meta property=\"og:locale\" content=\"es_ES\" \/>\n<meta property=\"og:type\" content=\"article\" \/>\n<meta property=\"og:title\" content=\"Condiciones de reserva - Hotel Albares, Vielha (Valle de Ar\u00e1n)\" \/>\n<meta property=\"og:description\" content=\"Consulta las condiciones de reserva de la web del Hotel Albares y reserva tu hotel en el centro de Vielha, en el Valle de Ar\u00e1n.\" \/>\n<meta property=\"og:url\" content=\"https:\/\/www.hotelalbares.com\/es\/condiciones-de-reserva\/\" \/>\n<meta property=\"og:site_name\" content=\"Hotel Albares\" \/>\n<meta property=\"article:modified_time\" content=\"2024-10-09T14:42:52+00:00\" \/>\n<meta property=\"og:image\" content=\"https:\/\/www.hotelalbares.com\/wp-content\/uploads\/2024\/10\/habitacion-doble-balcon-cama-hotel-albares-vielha-cataluna-espana-1.jpg\" \/>\n\t<meta property=\"og:image:width\" content=\"1280\" \/>\n\t<meta property=\"og:image:height\" content=\"848\" \/>\n\t<meta property=\"og:image:type\" content=\"image\/jpeg\" \/>\n<meta name=\"twitter:card\" content=\"summary_large_image\" \/>\n<meta name=\"twitter:label1\" content=\"Tiempo de lectura\" \/>\n\t<meta name=\"twitter:data1\" content=\"2 minutos\" \/>\n<script type=\"application\/ld+json\" class=\"yoast-schema-graph\">{\"@context\":\"https:\/\/schema.org\",\"@graph\":[{\"@type\":\"WebPage\",\"@id\":\"https:\/\/www.hotelalbares.com\/es\/condiciones-de-reserva\/\",\"url\":\"https:\/\/www.hotelalbares.com\/es\/condiciones-de-reserva\/\",\"name\":\"Condiciones de reserva - Hotel Albares, Vielha (Valle de Ar\u00e1n)\",\"isPartOf\":{\"@id\":\"https:\/\/www.hotelalbares.com\/es\/#website\"},\"datePublished\":\"2024-09-26T13:09:57+00:00\",\"dateModified\":\"2024-10-09T14:42:52+00:00\",\"description\":\"Consulta las condiciones de reserva de la web del Hotel Albares y reserva tu hotel en el centro de Vielha, en el Valle de Ar\u00e1n.\",\"breadcrumb\":{\"@id\":\"https:\/\/www.hotelalbares.com\/es\/condiciones-de-reserva\/#breadcrumb\"},\"inLanguage\":\"es\",\"potentialAction\":[{\"@type\":\"ReadAction\",\"target\":[\"https:\/\/www.hotelalbares.com\/es\/condiciones-de-reserva\/\"]}]},{\"@type\":\"BreadcrumbList\",\"@id\":\"https:\/\/www.hotelalbares.com\/es\/condiciones-de-reserva\/#breadcrumb\",\"itemListElement\":[{\"@type\":\"ListItem\",\"position\":1,\"name\":\"Home\",\"item\":\"https:\/\/www.hotelalbares.com\/es\/\"},{\"@type\":\"ListItem\",\"position\":2,\"name\":\"Condiciones de reserva\"}]},{\"@type\":\"WebSite\",\"@id\":\"https:\/\/www.hotelalbares.com\/es\/#website\",\"url\":\"https:\/\/www.hotelalbares.com\/es\/\",\"name\":\"Hotel Albares\",\"description\":\"\",\"publisher\":{\"@id\":\"https:\/\/www.hotelalbares.com\/es\/#organization\"},\"potentialAction\":[{\"@type\":\"SearchAction\",\"target\":{\"@type\":\"EntryPoint\",\"urlTemplate\":\"https:\/\/www.hotelalbares.com\/es\/?s={search_term_string}\"},\"query-input\":{\"@type\":\"PropertyValueSpecification\",\"valueRequired\":true,\"valueName\":\"search_term_string\"}}],\"inLanguage\":\"es\"},{\"@type\":\"Organization\",\"@id\":\"https:\/\/www.hotelalbares.com\/es\/#organization\",\"name\":\"Hotel Albares\",\"url\":\"https:\/\/www.hotelalbares.com\/es\/\",\"logo\":{\"@type\":\"ImageObject\",\"inLanguage\":\"es\",\"@id\":\"https:\/\/www.hotelalbares.com\/es\/#\/schema\/logo\/image\/\",\"url\":\"https:\/\/www.hotelalbares.com\/wp-content\/uploads\/2024\/02\/Logo_Hotel-Albares.svg\",\"contentUrl\":\"https:\/\/www.hotelalbares.com\/wp-content\/uploads\/2024\/02\/Logo_Hotel-Albares.svg\",\"width\":1313.112,\"height\":431.481,\"caption\":\"Hotel Albares\"},\"image\":{\"@id\":\"https:\/\/www.hotelalbares.com\/es\/#\/schema\/logo\/image\/\"}}]}<\/script>\n<!-- \/ Yoast SEO plugin. -->","yoast_head_json":{"title":"Condiciones de reserva - Hotel Albares, Vielha (Valle de Ar\u00e1n)","description":"Consulta las condiciones de reserva de la web del Hotel Albares y reserva tu hotel en el centro de Vielha, en el Valle de Ar\u00e1n.","robots":{"index":"noindex","follow":"follow"},"og_locale":"es_ES","og_type":"article","og_title":"Condiciones de reserva - Hotel Albares, Vielha (Valle de Ar\u00e1n)","og_description":"Consulta las condiciones de reserva de la web del Hotel Albares y reserva tu hotel en el centro de Vielha, en el Valle de Ar\u00e1n.","og_url":"https:\/\/www.hotelalbares.com\/es\/condiciones-de-reserva\/","og_site_name":"Hotel Albares","article_modified_time":"2024-10-09T14:42:52+00:00","og_image":[{"width":1280,"height":848,"url":"https:\/\/www.hotelalbares.com\/wp-content\/uploads\/2024\/10\/habitacion-doble-balcon-cama-hotel-albares-vielha-cataluna-espana-1.jpg","type":"image\/jpeg"}],"twitter_card":"summary_large_image","twitter_misc":{"Tiempo de lectura":"2 minutos"},"schema":{"@context":"https:\/\/schema.org","@graph":[{"@type":"WebPage","@id":"https:\/\/www.hotelalbares.com\/es\/condiciones-de-reserva\/","url":"https:\/\/www.hotelalbares.com\/es\/condiciones-de-reserva\/","name":"Condiciones de reserva - Hotel Albares, Vielha (Valle de Ar\u00e1n)","isPartOf":{"@id":"https:\/\/www.hotelalbares.com\/es\/#website"},"datePublished":"2024-09-26T13:09:57+00:00","dateModified":"2024-10-09T14:42:52+00:00","description":"Consulta las condiciones de reserva de la web del Hotel Albares y reserva tu hotel en el centro de Vielha, en el Valle de Ar\u00e1n.","breadcrumb":{"@id":"https:\/\/www.hotelalbares.com\/es\/condiciones-de-reserva\/#breadcrumb"},"inLanguage":"es","potentialAction":[{"@type":"ReadAction","target":["https:\/\/www.hotelalbares.com\/es\/condiciones-de-reserva\/"]}]},{"@type":"BreadcrumbList","@id":"https:\/\/www.hotelalbares.com\/es\/condiciones-de-reserva\/#breadcrumb","itemListElement":[{"@type":"ListItem","position":1,"name":"Home","item":"https:\/\/www.hotelalbares.com\/es\/"},{"@type":"ListItem","position":2,"name":"Condiciones de reserva"}]},{"@type":"WebSite","@id":"https:\/\/www.hotelalbares.com\/es\/#website","url":"https:\/\/www.hotelalbares.com\/es\/","name":"Hotel Albares","description":"","publisher":{"@id":"https:\/\/www.hotelalbares.com\/es\/#organization"},"potentialAction":[{"@type":"SearchAction","target":{"@type":"EntryPoint","urlTemplate":"https:\/\/www.hotelalbares.com\/es\/?s={search_term_string}"},"query-input":{"@type":"PropertyValueSpecification","valueRequired":true,"valueName":"search_term_string"}}],"inLanguage":"es"},{"@type":"Organization","@id":"https:\/\/www.hotelalbares.com\/es\/#organization","name":"Hotel Albares","url":"https:\/\/www.hotelalbares.com\/es\/","logo":{"@type":"ImageObject","inLanguage":"es","@id":"https:\/\/www.hotelalbares.com\/es\/#\/schema\/logo\/image\/","url":"https:\/\/www.hotelalbares.com\/wp-content\/uploads\/2024\/02\/Logo_Hotel-Albares.svg","contentUrl":"https:\/\/www.hotelalbares.com\/wp-content\/uploads\/2024\/02\/Logo_Hotel-Albares.svg","width":1313.112,"height":431.481,"caption":"Hotel Albares"},"image":{"@id":"https:\/\/www.hotelalbares.com\/es\/#\/schema\/logo\/image\/"}}]}},"_links":{"self":[{"href":"https:\/\/www.hotelalbares.com\/es\/wp-json\/wp\/v2\/pages\/4300","targetHints":{"allow":["GET"]}}],"collection":[{"href":"https:\/\/www.hotelalbares.com\/es\/wp-json\/wp\/v2\/pages"}],"about":[{"href":"https:\/\/www.hotelalbares.com\/es\/wp-json\/wp\/v2\/types\/page"}],"author":[{"embeddable":true,"href":"https:\/\/www.hotelalbares.com\/es\/wp-json\/wp\/v2\/users\/5"}],"replies":[{"embeddable":true,"href":"https:\/\/www.hotelalbares.com\/es\/wp-json\/wp\/v2\/comments?post=4300"}],"version-history":[{"count":34,"href":"https:\/\/www.hotelalbares.com\/es\/wp-json\/wp\/v2\/pages\/4300\/revisions"}],"predecessor-version":[{"id":5554,"href":"https:\/\/www.hotelalbares.com\/es\/wp-json\/wp\/v2\/pages\/4300\/revisions\/5554"}],"wp:attachment":[{"href":"https:\/\/www.hotelalbares.com\/es\/wp-json\/wp\/v2\/media?parent=4300"}],"curies":[{"name":"wp","href":"https:\/\/api.w.org\/{rel}","templated":true}]}}