{"id":3945,"date":"2024-06-12T13:38:43","date_gmt":"2024-06-12T11:38:43","guid":{"rendered":"https:\/\/alpine.gnahs.com\/?page_id=3945"},"modified":"2024-11-20T16:10:33","modified_gmt":"2024-11-20T15:10:33","slug":"habitaciones-vielha-valle-de-aran","status":"publish","type":"page","link":"https:\/\/www.hotelalbares.com\/es\/habitaciones-vielha-valle-de-aran\/","title":{"rendered":"Habitaciones"},"content":{"rendered":"\t\t<div data-elementor-type=\"wp-page\" data-elementor-id=\"3945\" class=\"elementor elementor-3945\" data-elementor-post-type=\"page\">\n\t\t\t\t<div class=\"elementor-element elementor-element-72a6d3ea e-flex e-con-boxed e-con e-parent\" data-id=\"72a6d3ea\" data-element_type=\"container\" data-settings=\"{&quot;background_background&quot;:&quot;classic&quot;}\">\n\t\t\t\t\t<div class=\"e-con-inner\">\n\t\t\t\t<div class=\"elementor-element elementor-element-70405bf5 elementor-widget elementor-widget-heading\" data-id=\"70405bf5\" data-element_type=\"widget\" data-widget_type=\"heading.default\">\n\t\t\t\t<div class=\"elementor-widget-container\">\n\t\t\t<div class=\"elementor-heading-title elementor-size-default\">Habitaciones<\/div>\t\t<\/div>\n\t\t\t\t<\/div>\n\t\t\t\t<div class=\"elementor-element elementor-element-393e7412 elementor-icon-list--layout-inline elementor-align-center elementor-list-item-link-full_width elementor-widget elementor-widget-icon-list\" data-id=\"393e7412\" data-element_type=\"widget\" data-widget_type=\"icon-list.default\">\n\t\t\t\t<div class=\"elementor-widget-container\">\n\t\t\t\t\t<ul class=\"elementor-icon-list-items elementor-inline-items\">\n\t\t\t\t\t\t\t<li class=\"elementor-icon-list-item elementor-inline-item\">\n\t\t\t\t\t\t\t\t\t\t\t<a href=\"https:\/\/www.hotelalbares.com\/\">\n\n\t\t\t\t\t\t\t\t\t\t\t<span class=\"elementor-icon-list-text\">Inicio<\/span>\n\t\t\t\t\t\t\t\t\t\t\t<\/a>\n\t\t\t\t\t\t\t\t\t<\/li>\n\t\t\t\t\t\t\t\t<li class=\"elementor-icon-list-item elementor-inline-item\">\n\t\t\t\t\t\t\t\t\t\t\t<span class=\"elementor-icon-list-icon\">\n\t\t\t\t\t\t\t<svg aria-hidden=\"true\" class=\"e-font-icon-svg e-fas-chevron-right\" viewBox=\"0 0 320 512\" xmlns=\"http:\/\/www.w3.org\/2000\/svg\"><path d=\"M285.476 272.971L91.132 467.314c-9.373 9.373-24.569 9.373-33.941 0l-22.667-22.667c-9.357-9.357-9.375-24.522-.04-33.901L188.505 256 34.484 101.255c-9.335-9.379-9.317-24.544.04-33.901l22.667-22.667c9.373-9.373 24.569-9.373 33.941 0L285.475 239.03c9.373 9.372 9.373 24.568.001 33.941z\"><\/path><\/svg>\t\t\t\t\t\t<\/span>\n\t\t\t\t\t\t\t\t\t\t<span class=\"elementor-icon-list-text\">Habitaciones<\/span>\n\t\t\t\t\t\t\t\t\t<\/li>\n\t\t\t\t\t\t<\/ul>\n\t\t\t\t<\/div>\n\t\t\t\t<\/div>\n\t\t\t\t\t<\/div>\n\t\t\t\t<\/div>\n\t\t<div class=\"elementor-element elementor-element-69e07e74 e-flex e-con-boxed e-con e-parent\" data-id=\"69e07e74\" data-element_type=\"container\" data-settings=\"{&quot;motion_fx_motion_fx_scrolling&quot;:&quot;yes&quot;,&quot;motion_fx_translateY_effect&quot;:&quot;yes&quot;,&quot;motion_fx_devices&quot;:[&quot;desktop&quot;,&quot;tablet&quot;],&quot;motion_fx_translateY_speed&quot;:{&quot;unit&quot;:&quot;px&quot;,&quot;size&quot;:4,&quot;sizes&quot;:[]},&quot;motion_fx_translateY_affectedRange&quot;:{&quot;unit&quot;:&quot;%&quot;,&quot;size&quot;:&quot;&quot;,&quot;sizes&quot;:{&quot;start&quot;:0,&quot;end&quot;:100}}}\">\n\t\t\t\t\t<div class=\"e-con-inner\">\n\t\t<div class=\"elementor-element elementor-element-65dc0c53 e-flex e-con-boxed e-con e-child\" data-id=\"65dc0c53\" data-element_type=\"container\">\n\t\t\t\t\t<div class=\"e-con-inner\">\n\t\t\t\t<div class=\"elementor-element elementor-element-788d60cd elementor-widget elementor-widget-heading\" data-id=\"788d60cd\" data-element_type=\"widget\" data-widget_type=\"heading.default\">\n\t\t\t\t<div class=\"elementor-widget-container\">\n\t\t\t<div class=\"elementor-heading-title elementor-size-default\">encuentra tu habitaci\u00f3n ideal<\/div>\t\t<\/div>\n\t\t\t\t<\/div>\n\t\t\t\t<div class=\"elementor-element elementor-element-4d6e2b73 elementor-widget elementor-widget-heading\" data-id=\"4d6e2b73\" data-element_type=\"widget\" data-widget_type=\"heading.default\">\n\t\t\t\t<div class=\"elementor-widget-container\">\n\t\t\t<h1 class=\"elementor-heading-title elementor-size-default\">Habitaciones del Hotel Albares<\/h1>\t\t<\/div>\n\t\t\t\t<\/div>\n\t\t\t\t<div class=\"elementor-element elementor-element-a40eba9 elementor-widget elementor-widget-text-editor\" data-id=\"a40eba9\" data-element_type=\"widget\" data-widget_type=\"text-editor.default\">\n\t\t\t\t<div class=\"elementor-widget-container\">\n\t\t\t\t\t\t\t<p>En el <strong>Hotel Albares<\/strong>, encontrar\u00e1s habitaciones dobles e individuales, perfectas para adaptarse a tus necesidades.<\/p><p>Cada habitaci\u00f3n est\u00e1 decorada con un estilo elegante y acogedor, con suelos de parqu\u00e9 y muebles de estilo Liberty. Adem\u00e1s, est\u00e1n equipadas con servicios de calidad para garantizarte una estancia inolvidable en <strong>Vielha<\/strong>.<\/p>\t\t\t\t\t\t<\/div>\n\t\t\t\t<\/div>\n\t\t\t\t\t<\/div>\n\t\t\t\t<\/div>\n\t\t\t\t\t<\/div>\n\t\t\t\t<\/div>\n\t\t<div class=\"elementor-element elementor-element-df438d2 e-flex e-con-boxed e-con e-parent\" data-id=\"df438d2\" data-element_type=\"container\">\n\t\t\t\t\t<div class=\"e-con-inner\">\n\t\t\t\t<div class=\"elementor-element elementor-element-70b67ed elementor-grid-2 elementor-grid-tablet-2 elementor-grid-mobile-1 elementor-widget elementor-widget-loop-grid\" data-id=\"70b67ed\" data-element_type=\"widget\" data-settings=\"{&quot;template_id&quot;:3918,&quot;columns&quot;:2,&quot;_skin&quot;:&quot;post&quot;,&quot;columns_tablet&quot;:&quot;2&quot;,&quot;columns_mobile&quot;:&quot;1&quot;,&quot;edit_handle_selector&quot;:&quot;[data-elementor-type=\\&quot;loop-item\\&quot;]&quot;,&quot;row_gap&quot;:{&quot;unit&quot;:&quot;px&quot;,&quot;size&quot;:&quot;&quot;,&quot;sizes&quot;:[]},&quot;row_gap_tablet&quot;:{&quot;unit&quot;:&quot;px&quot;,&quot;size&quot;:&quot;&quot;,&quot;sizes&quot;:[]},&quot;row_gap_mobile&quot;:{&quot;unit&quot;:&quot;px&quot;,&quot;size&quot;:&quot;&quot;,&quot;sizes&quot;:[]}}\" data-widget_type=\"loop-grid.post\">\n\t\t\t\t<div class=\"elementor-widget-container\">\n\t\t\t\t\t<div class=\"elementor-loop-container elementor-grid\">\n\t\t<style id=\"loop-dynamic-3918\">.e-loop-item-4575 .elementor-element.elementor-element-6b1f5fbb:not(.elementor-motion-effects-element-type-background), .e-loop-item-4575 .elementor-element.elementor-element-6b1f5fbb > .elementor-motion-effects-container > .elementor-motion-effects-layer{background-image:url(\"https:\/\/www.hotelalbares.com\/wp-content\/uploads\/2024\/09\/interior-habitacion-cama-doble-radiador-hotel-albares-vielha-cataluna-espana-1.jpg\");}<\/style><style id=\"loop-3918\">.elementor-3918 h2.elementor-heading-title:hover {\n    color: var(--e-global-color-primary) !important;\n}\n.elementor-3918 .elementor-element.elementor-element-6b1f5fbb{--display:flex;--min-height:375px;--justify-content:flex-end;--background-transition:0.3s;--overlay-opacity:0.65;--padding-top:40px;--padding-bottom:40px;--padding-left:40px;--padding-right:40px;}.elementor-3918 .elementor-element.elementor-element-6b1f5fbb:not(.elementor-motion-effects-element-type-background), .elementor-3918 .elementor-element.elementor-element-6b1f5fbb > .elementor-motion-effects-container > .elementor-motion-effects-layer{background-position:center center;background-repeat:no-repeat;background-size:cover;}.elementor-3918 .elementor-element.elementor-element-6b1f5fbb::before, .elementor-3918 .elementor-element.elementor-element-6b1f5fbb > .elementor-background-video-container::before, .elementor-3918 .elementor-element.elementor-element-6b1f5fbb > .e-con-inner > .elementor-background-video-container::before, .elementor-3918 .elementor-element.elementor-element-6b1f5fbb > .elementor-background-slideshow::before, .elementor-3918 .elementor-element.elementor-element-6b1f5fbb > .e-con-inner > .elementor-background-slideshow::before, .elementor-3918 .elementor-element.elementor-element-6b1f5fbb > .elementor-motion-effects-container > .elementor-motion-effects-layer::before{--background-overlay:'';background-color:transparent;background-image:linear-gradient(360deg, var( --e-global-color-text ) 0%, #18182300 100%);}.elementor-3918 .elementor-element.elementor-element-6b1f5fbb, .elementor-3918 .elementor-element.elementor-element-6b1f5fbb::before{--border-transition:0.3s;}.elementor-3918 .elementor-element.elementor-element-6f3546bc{--display:flex;--background-transition:0.3s;--padding-top:0px;--padding-bottom:0px;--padding-left:0px;--padding-right:0px;}.elementor-3918 .elementor-element.elementor-element-9b5ce83 .elementor-heading-title{color:var( --e-global-color-accent );font-family:var( --e-global-typography-068f809-font-family ), Sans-serif;font-size:var( --e-global-typography-068f809-font-size );font-weight:var( --e-global-typography-068f809-font-weight );text-decoration:var( --e-global-typography-068f809-text-decoration );line-height:var( --e-global-typography-068f809-line-height );letter-spacing:var( --e-global-typography-068f809-letter-spacing );word-spacing:var( --e-global-typography-068f809-word-spacing );}.elementor-3918 .elementor-element.elementor-element-9b5ce83.elementor-element{--order:99999 \/* order end hack *\/;}@media(max-width:1024px){.elementor-3918 .elementor-element.elementor-element-9b5ce83 .elementor-heading-title{font-size:var( --e-global-typography-068f809-font-size );line-height:var( --e-global-typography-068f809-line-height );letter-spacing:var( --e-global-typography-068f809-letter-spacing );word-spacing:var( --e-global-typography-068f809-word-spacing );}}@media(max-width:767px){.elementor-3918 .elementor-element.elementor-element-9b5ce83 .elementor-heading-title{font-size:var( --e-global-typography-068f809-font-size );line-height:var( --e-global-typography-068f809-line-height );letter-spacing:var( --e-global-typography-068f809-letter-spacing );word-spacing:var( --e-global-typography-068f809-word-spacing );}}\/* Start custom CSS for heading, class: .elementor-element-9b5ce83 *\/.elementor-3918 h2.elementor-heading-title:hover {\n    color: #CCBEB8 !important;\n}\/* End custom CSS *\/\n\/* Start custom CSS for container, class: .elementor-element-6b1f5fbb *\/.page-content a { text-decoration: none }\/* End custom CSS *\/<\/style>\t\t<div data-elementor-type=\"loop-item\" data-elementor-id=\"3918\" class=\"elementor elementor-3918 e-loop-item e-loop-item-4575 post-4575 page type-page status-publish has-post-thumbnail hentry\" data-elementor-post-type=\"elementor_library\" data-custom-edit-handle=\"1\">\n\t\t\t<a class=\"elementor-element elementor-element-6b1f5fbb e-flex e-con-boxed e-con e-child\" data-id=\"6b1f5fbb\" data-element_type=\"container\" data-settings=\"{&quot;background_background&quot;:&quot;classic&quot;}\" href=\"https:\/\/www.hotelalbares.com\/es\/habitaciones-vielha-valle-de-aran\/habitacion-individual\/\">\n\t\t\t\t\t<div class=\"e-con-inner\">\n\t\t<div class=\"elementor-element elementor-element-6f3546bc e-con-full e-flex e-con e-child\" data-id=\"6f3546bc\" data-element_type=\"container\">\n\t\t\t\t<div class=\"elementor-element elementor-element-9b5ce83 elementor-widget elementor-widget-heading\" data-id=\"9b5ce83\" data-element_type=\"widget\" data-widget_type=\"heading.default\">\n\t\t\t\t<div class=\"elementor-widget-container\">\n\t\t\t<h2 class=\"elementor-heading-title elementor-size-default\">Habitaci\u00f3n Individual<\/h2>\t\t<\/div>\n\t\t\t\t<\/div>\n\t\t\t\t<\/div>\n\t\t\t\t\t<\/div>\n\t\t\t\t<\/a>\n\t\t\t\t<\/div>\n\t\t<style id=\"loop-dynamic-3918\">.e-loop-item-3932 .elementor-element.elementor-element-6b1f5fbb:not(.elementor-motion-effects-element-type-background), .e-loop-item-3932 .elementor-element.elementor-element-6b1f5fbb > .elementor-motion-effects-container > .elementor-motion-effects-layer{background-image:url(\"https:\/\/www.hotelalbares.com\/wp-content\/uploads\/2024\/09\/habitacion-doble-balcon-cama-hotel-albares-vielha-cataluna-espana-2.jpg\");}<\/style>\t\t<div data-elementor-type=\"loop-item\" data-elementor-id=\"3918\" class=\"elementor elementor-3918 e-loop-item e-loop-item-3932 post-3932 page type-page status-publish has-post-thumbnail hentry\" data-elementor-post-type=\"elementor_library\" data-custom-edit-handle=\"1\">\n\t\t\t<a class=\"elementor-element elementor-element-6b1f5fbb e-flex e-con-boxed e-con e-child\" data-id=\"6b1f5fbb\" data-element_type=\"container\" data-settings=\"{&quot;background_background&quot;:&quot;classic&quot;}\" href=\"https:\/\/www.hotelalbares.com\/es\/habitaciones-vielha-valle-de-aran\/habitacion-doble\/\">\n\t\t\t\t\t<div class=\"e-con-inner\">\n\t\t<div class=\"elementor-element elementor-element-6f3546bc e-con-full e-flex e-con e-child\" data-id=\"6f3546bc\" data-element_type=\"container\">\n\t\t\t\t<div class=\"elementor-element elementor-element-9b5ce83 elementor-widget elementor-widget-heading\" data-id=\"9b5ce83\" data-element_type=\"widget\" data-widget_type=\"heading.default\">\n\t\t\t\t<div class=\"elementor-widget-container\">\n\t\t\t<h2 class=\"elementor-heading-title elementor-size-default\">Habitaci\u00f3n Doble<\/h2>\t\t<\/div>\n\t\t\t\t<\/div>\n\t\t\t\t<\/div>\n\t\t\t\t\t<\/div>\n\t\t\t\t<\/a>\n\t\t\t\t<\/div>\n\t\t\t\t<\/div>\n\t\t\n\t\t\t\t<\/div>\n\t\t\t\t<\/div>\n\t\t\t\t\t<\/div>\n\t\t\t\t<\/div>\n\t\t\t\t<\/div>\n\t\t","protected":false},"excerpt":{"rendered":"<p>Habitaciones Inicio Habitaciones encuentra tu habitaci\u00f3n ideal Habitaciones del Hotel Albares En el Hotel Albares, encontrar\u00e1s habitaciones dobles e individuales, perfectas para adaptarse a tus necesidades. Cada habitaci\u00f3n est\u00e1 decorada con un estilo elegante y acogedor, con suelos de parqu\u00e9 y muebles de estilo Liberty. Adem\u00e1s, est\u00e1n equipadas con servicios de calidad para garantizarte una [&hellip;]<\/p>\n","protected":false},"author":4,"featured_media":0,"parent":0,"menu_order":53,"comment_status":"closed","ping_status":"closed","template":"","meta":{"footnotes":""},"class_list":["post-3945","page","type-page","status-publish","hentry"],"yoast_head":"<!-- This site is optimized with the Yoast SEO plugin v23.4 - https:\/\/yoast.com\/wordpress\/plugins\/seo\/ -->\n<title>Habitaciones del Hotel Albares - Vielha, Valle de Ar\u00e1n<\/title>\n<meta name=\"description\" content=\"El Hotel Albares dispone de habitaciones individuales y dobles en el centro de Vielha (Valle de Ar\u00e1n). Equipadas con ba\u00f1o privado, wifi, televisor\u2026\" \/>\n<meta name=\"robots\" content=\"index, follow, max-snippet:-1, max-image-preview:large, max-video-preview:-1\" \/>\n<link rel=\"canonical\" href=\"https:\/\/www.hotelalbares.com\/es\/habitaciones-vielha-valle-de-aran\/\" \/>\n<meta property=\"og:locale\" content=\"es_ES\" \/>\n<meta property=\"og:type\" content=\"article\" \/>\n<meta property=\"og:title\" content=\"Habitaciones del Hotel Albares - Vielha, Valle de Ar\u00e1n\" \/>\n<meta property=\"og:description\" content=\"El Hotel Albares dispone de habitaciones individuales y dobles en el centro de Vielha (Valle de Ar\u00e1n). Equipadas con ba\u00f1o privado, wifi, televisor\u2026\" \/>\n<meta property=\"og:url\" content=\"https:\/\/www.hotelalbares.com\/es\/habitaciones-vielha-valle-de-aran\/\" \/>\n<meta property=\"og:site_name\" content=\"Hotel Albares\" \/>\n<meta property=\"article:modified_time\" content=\"2024-11-20T15:10:33+00:00\" \/>\n<meta property=\"og:image\" content=\"https:\/\/www.hotelalbares.com\/wp-content\/uploads\/2024\/10\/habitacion-doble-balcon-cama-hotel-albares-vielha-cataluna-espana-1.jpg\" \/>\n\t<meta property=\"og:image:width\" content=\"1280\" \/>\n\t<meta property=\"og:image:height\" content=\"848\" \/>\n\t<meta property=\"og:image:type\" content=\"image\/jpeg\" \/>\n<meta name=\"twitter:card\" content=\"summary_large_image\" \/>\n<meta name=\"twitter:label1\" content=\"Tiempo de lectura\" \/>\n\t<meta name=\"twitter:data1\" content=\"1 minuto\" \/>\n<script type=\"application\/ld+json\" class=\"yoast-schema-graph\">{\"@context\":\"https:\/\/schema.org\",\"@graph\":[{\"@type\":\"WebPage\",\"@id\":\"https:\/\/www.hotelalbares.com\/es\/habitaciones-vielha-valle-de-aran\/\",\"url\":\"https:\/\/www.hotelalbares.com\/es\/habitaciones-vielha-valle-de-aran\/\",\"name\":\"Habitaciones del Hotel Albares - Vielha, Valle de Ar\u00e1n\",\"isPartOf\":{\"@id\":\"https:\/\/www.hotelalbares.com\/es\/#website\"},\"datePublished\":\"2024-06-12T11:38:43+00:00\",\"dateModified\":\"2024-11-20T15:10:33+00:00\",\"description\":\"El Hotel Albares dispone de habitaciones individuales y dobles en el centro de Vielha (Valle de Ar\u00e1n). Equipadas con ba\u00f1o privado, wifi, televisor\u2026\",\"breadcrumb\":{\"@id\":\"https:\/\/www.hotelalbares.com\/es\/habitaciones-vielha-valle-de-aran\/#breadcrumb\"},\"inLanguage\":\"es\",\"potentialAction\":[{\"@type\":\"ReadAction\",\"target\":[\"https:\/\/www.hotelalbares.com\/es\/habitaciones-vielha-valle-de-aran\/\"]}]},{\"@type\":\"BreadcrumbList\",\"@id\":\"https:\/\/www.hotelalbares.com\/es\/habitaciones-vielha-valle-de-aran\/#breadcrumb\",\"itemListElement\":[{\"@type\":\"ListItem\",\"position\":1,\"name\":\"Home\",\"item\":\"https:\/\/www.hotelalbares.com\/es\/\"},{\"@type\":\"ListItem\",\"position\":2,\"name\":\"Habitaciones\"}]},{\"@type\":\"WebSite\",\"@id\":\"https:\/\/www.hotelalbares.com\/es\/#website\",\"url\":\"https:\/\/www.hotelalbares.com\/es\/\",\"name\":\"Hotel Albares\",\"description\":\"\",\"publisher\":{\"@id\":\"https:\/\/www.hotelalbares.com\/es\/#organization\"},\"potentialAction\":[{\"@type\":\"SearchAction\",\"target\":{\"@type\":\"EntryPoint\",\"urlTemplate\":\"https:\/\/www.hotelalbares.com\/es\/?s={search_term_string}\"},\"query-input\":{\"@type\":\"PropertyValueSpecification\",\"valueRequired\":true,\"valueName\":\"search_term_string\"}}],\"inLanguage\":\"es\"},{\"@type\":\"Organization\",\"@id\":\"https:\/\/www.hotelalbares.com\/es\/#organization\",\"name\":\"Hotel Albares\",\"url\":\"https:\/\/www.hotelalbares.com\/es\/\",\"logo\":{\"@type\":\"ImageObject\",\"inLanguage\":\"es\",\"@id\":\"https:\/\/www.hotelalbares.com\/es\/#\/schema\/logo\/image\/\",\"url\":\"https:\/\/www.hotelalbares.com\/wp-content\/uploads\/2024\/02\/Logo_Hotel-Albares.svg\",\"contentUrl\":\"https:\/\/www.hotelalbares.com\/wp-content\/uploads\/2024\/02\/Logo_Hotel-Albares.svg\",\"width\":1313.112,\"height\":431.481,\"caption\":\"Hotel Albares\"},\"image\":{\"@id\":\"https:\/\/www.hotelalbares.com\/es\/#\/schema\/logo\/image\/\"}}]}<\/script>\n<!-- \/ Yoast SEO plugin. -->","yoast_head_json":{"title":"Habitaciones del Hotel Albares - Vielha, Valle de Ar\u00e1n","description":"El Hotel Albares dispone de habitaciones individuales y dobles en el centro de Vielha (Valle de Ar\u00e1n). Equipadas con ba\u00f1o privado, wifi, televisor\u2026","robots":{"index":"index","follow":"follow","max-snippet":"max-snippet:-1","max-image-preview":"max-image-preview:large","max-video-preview":"max-video-preview:-1"},"canonical":"https:\/\/www.hotelalbares.com\/es\/habitaciones-vielha-valle-de-aran\/","og_locale":"es_ES","og_type":"article","og_title":"Habitaciones del Hotel Albares - Vielha, Valle de Ar\u00e1n","og_description":"El Hotel Albares dispone de habitaciones individuales y dobles en el centro de Vielha (Valle de Ar\u00e1n). Equipadas con ba\u00f1o privado, wifi, televisor\u2026","og_url":"https:\/\/www.hotelalbares.com\/es\/habitaciones-vielha-valle-de-aran\/","og_site_name":"Hotel Albares","article_modified_time":"2024-11-20T15:10:33+00:00","og_image":[{"width":1280,"height":848,"url":"https:\/\/www.hotelalbares.com\/wp-content\/uploads\/2024\/10\/habitacion-doble-balcon-cama-hotel-albares-vielha-cataluna-espana-1.jpg","type":"image\/jpeg"}],"twitter_card":"summary_large_image","twitter_misc":{"Tiempo de lectura":"1 minuto"},"schema":{"@context":"https:\/\/schema.org","@graph":[{"@type":"WebPage","@id":"https:\/\/www.hotelalbares.com\/es\/habitaciones-vielha-valle-de-aran\/","url":"https:\/\/www.hotelalbares.com\/es\/habitaciones-vielha-valle-de-aran\/","name":"Habitaciones del Hotel Albares - Vielha, Valle de Ar\u00e1n","isPartOf":{"@id":"https:\/\/www.hotelalbares.com\/es\/#website"},"datePublished":"2024-06-12T11:38:43+00:00","dateModified":"2024-11-20T15:10:33+00:00","description":"El Hotel Albares dispone de habitaciones individuales y dobles en el centro de Vielha (Valle de Ar\u00e1n). Equipadas con ba\u00f1o privado, wifi, televisor\u2026","breadcrumb":{"@id":"https:\/\/www.hotelalbares.com\/es\/habitaciones-vielha-valle-de-aran\/#breadcrumb"},"inLanguage":"es","potentialAction":[{"@type":"ReadAction","target":["https:\/\/www.hotelalbares.com\/es\/habitaciones-vielha-valle-de-aran\/"]}]},{"@type":"BreadcrumbList","@id":"https:\/\/www.hotelalbares.com\/es\/habitaciones-vielha-valle-de-aran\/#breadcrumb","itemListElement":[{"@type":"ListItem","position":1,"name":"Home","item":"https:\/\/www.hotelalbares.com\/es\/"},{"@type":"ListItem","position":2,"name":"Habitaciones"}]},{"@type":"WebSite","@id":"https:\/\/www.hotelalbares.com\/es\/#website","url":"https:\/\/www.hotelalbares.com\/es\/","name":"Hotel Albares","description":"","publisher":{"@id":"https:\/\/www.hotelalbares.com\/es\/#organization"},"potentialAction":[{"@type":"SearchAction","target":{"@type":"EntryPoint","urlTemplate":"https:\/\/www.hotelalbares.com\/es\/?s={search_term_string}"},"query-input":{"@type":"PropertyValueSpecification","valueRequired":true,"valueName":"search_term_string"}}],"inLanguage":"es"},{"@type":"Organization","@id":"https:\/\/www.hotelalbares.com\/es\/#organization","name":"Hotel Albares","url":"https:\/\/www.hotelalbares.com\/es\/","logo":{"@type":"ImageObject","inLanguage":"es","@id":"https:\/\/www.hotelalbares.com\/es\/#\/schema\/logo\/image\/","url":"https:\/\/www.hotelalbares.com\/wp-content\/uploads\/2024\/02\/Logo_Hotel-Albares.svg","contentUrl":"https:\/\/www.hotelalbares.com\/wp-content\/uploads\/2024\/02\/Logo_Hotel-Albares.svg","width":1313.112,"height":431.481,"caption":"Hotel Albares"},"image":{"@id":"https:\/\/www.hotelalbares.com\/es\/#\/schema\/logo\/image\/"}}]}},"_links":{"self":[{"href":"https:\/\/www.hotelalbares.com\/es\/wp-json\/wp\/v2\/pages\/3945","targetHints":{"allow":["GET"]}}],"collection":[{"href":"https:\/\/www.hotelalbares.com\/es\/wp-json\/wp\/v2\/pages"}],"about":[{"href":"https:\/\/www.hotelalbares.com\/es\/wp-json\/wp\/v2\/types\/page"}],"author":[{"embeddable":true,"href":"https:\/\/www.hotelalbares.com\/es\/wp-json\/wp\/v2\/users\/4"}],"replies":[{"embeddable":true,"href":"https:\/\/www.hotelalbares.com\/es\/wp-json\/wp\/v2\/comments?post=3945"}],"version-history":[{"count":66,"href":"https:\/\/www.hotelalbares.com\/es\/wp-json\/wp\/v2\/pages\/3945\/revisions"}],"predecessor-version":[{"id":5971,"href":"https:\/\/www.hotelalbares.com\/es\/wp-json\/wp\/v2\/pages\/3945\/revisions\/5971"}],"wp:attachment":[{"href":"https:\/\/www.hotelalbares.com\/es\/wp-json\/wp\/v2\/media?parent=3945"}],"curies":[{"name":"wp","href":"https:\/\/api.w.org\/{rel}","templated":true}]}}