{"id":3072,"date":"2024-10-09T10:00:57","date_gmt":"2024-10-09T08:00:57","guid":{"rendered":"https:\/\/dev-lascumbresapart.gnahs.com\/?page_id=3072"},"modified":"2024-10-22T09:34:47","modified_gmt":"2024-10-22T07:34:47","slug":"lugares-de-interes-en-vielha","status":"publish","type":"page","link":"https:\/\/www.hotelalbares.com\/es\/que-hacer-vielha-valle-de-aran\/lugares-de-interes-en-vielha\/","title":{"rendered":"Lugares de inter\u00e9s en Vielha"},"content":{"rendered":"\t\t<div data-elementor-type=\"wp-page\" data-elementor-id=\"3072\" class=\"elementor elementor-3072\" data-elementor-post-type=\"page\">\n\t\t\t\t<div class=\"elementor-element elementor-element-2bb0596c e-flex e-con-boxed e-con e-parent\" data-id=\"2bb0596c\" data-element_type=\"container\">\n\t\t\t\t\t<div class=\"e-con-inner\">\n\t\t\t\t<div class=\"elementor-element elementor-element-4ca30460 elementor-widget elementor-widget-text-editor\" data-id=\"4ca30460\" data-element_type=\"widget\" data-widget_type=\"text-editor.default\">\n\t\t\t\t<div class=\"elementor-widget-container\">\n\t\t\t\t\t\t\t<h2 data-sourcepos=\"3:1-3:50\"><strong>Vielha, un tesoro en el coraz\u00f3n de los Pirineos<\/strong><\/h2><p data-sourcepos=\"5:1-5:330\"><strong>Vielha<\/strong>, la acogedora capital del <strong>Valle de Ar\u00e1n<\/strong>, nos invita a un viaje en el tiempo a trav\u00e9s de su rica historia y a una conexi\u00f3n profunda con la naturaleza. Este rinc\u00f3n pirenaico, con su encanto singular, combina a la perfecci\u00f3n la tranquilidad de un pueblo de monta\u00f1a con la riqueza cultural de una regi\u00f3n con siglos de historia.<\/p><h3 data-sourcepos=\"7:1-7:28\"><strong>Un paseo por la historia<\/strong><\/h3><p data-sourcepos=\"9:1-9:411\">La <a href=\"https:\/\/www.visitvaldaran.com\/item\/sant-miqueu-de-vielha\/\" target=\"_blank\" rel=\"noopener\"><strong>Iglesia de San Miqueu<\/strong><\/a>, con su imponente campanario y su arquitectura rom\u00e1nica, es una parada obligatoria. Sus muros albergan valiosas obras de arte sacro que nos transportan a \u00e9pocas pasadas, mientras que su entorno sereno invita a la reflexi\u00f3n. El <a href=\"http:\/\/www.vielha-mijaran.org\/ver-ficha\/114\/\" target=\"_blank\" rel=\"noopener\"><strong>Mus\u00e8u dera Val d\u2019Aran<\/strong><\/a> por su parte, nos sumerge en la vida cotidiana de los araneses a trav\u00e9s de objetos y herramientas que hablan de sus tradiciones y costumbres.<\/p><h3 data-sourcepos=\"11:1-11:29\">\u00a0<\/h3><h3 data-sourcepos=\"11:1-11:29\"><strong>Naturaleza en estado puro<\/strong><\/h3><p data-sourcepos=\"13:1-13:468\">Vielha es un para\u00edso para los amantes de la naturaleza. El <a href=\"https:\/\/maps.app.goo.gl\/Y8pbrwJ3YMopthANA\" target=\"_blank\" rel=\"noopener\"><strong>Mirador de Vielha<\/strong><\/a> ofrece unas vistas panor\u00e1micas de infarto, donde el verde de los bosques contrasta con la blancura de las cumbres. El<a href=\"https:\/\/www.visitvaldaran.com\/item\/19838\/\" target=\"_blank\" rel=\"noopener\"><strong> Bosque de Varicauba<\/strong><\/a>, con sus senderos serpenteantes, es el lugar perfecto para respirar aire puro y conectar con la naturaleza. Y para los m\u00e1s activos, el <a href=\"http:\/\/www.vielha-mijaran.org\/ver-ficha\/103\/\" target=\"_blank\" rel=\"noopener\"><strong>Palacio de Hielo<\/strong><\/a> ofrece una pista de patinaje y otras instalaciones deportivas para disfrutar en familia o con amigos.<\/p><h3 data-sourcepos=\"15:1-15:30\"><strong>Un viaje para los sentidos<\/strong><\/h3><p data-sourcepos=\"17:1-17:285\">Despu\u00e9s de un d\u00eda explorando la naturaleza y la cultura, nada mejor que relajarse en la <a href=\"https:\/\/www.visitvaldaran.com\/ruta-de-tiendas-por-la-val-daran\/\" target=\"_blank\" rel=\"noopener\"><strong>zona comercial de Vielha<\/strong><\/a>. Sus tiendas y restaurantes ofrecen una amplia variedad de productos locales y una deliciosa gastronom\u00eda. Aqu\u00ed podr\u00e1s encontrar el souvenir perfecto para recordar tu viaje.<\/p><p data-sourcepos=\"19:1-19:211\"><strong>Vielha es mucho m\u00e1s que un destino tur\u00edstico; es una experiencia que quedar\u00e1 grabada en tu memoria.<\/strong> Su gente amable, su rica historia y su entorno natural hacen de este lugar un rinc\u00f3n \u00fanico en los Pirineos.<\/p><p data-sourcepos=\"19:1-19:211\"><img fetchpriority=\"high\" decoding=\"async\" class=\"wp-image-5240 size-full aligncenter\" src=\"https:\/\/www.hotelalbares.com\/wp-content\/uploads\/2024\/10\/vielha-iglesia-san-miqueu-valle-de-aran-lerida-cataluna-espana-scaled.jpg\" alt=\"\" width=\"2560\" height=\"1708\" srcset=\"https:\/\/www.hotelalbares.com\/wp-content\/uploads\/2024\/10\/vielha-iglesia-san-miqueu-valle-de-aran-lerida-cataluna-espana-scaled.jpg 2560w, https:\/\/www.hotelalbares.com\/wp-content\/uploads\/2024\/10\/vielha-iglesia-san-miqueu-valle-de-aran-lerida-cataluna-espana-300x200.jpg 300w, https:\/\/www.hotelalbares.com\/wp-content\/uploads\/2024\/10\/vielha-iglesia-san-miqueu-valle-de-aran-lerida-cataluna-espana-1024x683.jpg 1024w, https:\/\/www.hotelalbares.com\/wp-content\/uploads\/2024\/10\/vielha-iglesia-san-miqueu-valle-de-aran-lerida-cataluna-espana-768x512.jpg 768w, https:\/\/www.hotelalbares.com\/wp-content\/uploads\/2024\/10\/vielha-iglesia-san-miqueu-valle-de-aran-lerida-cataluna-espana-1536x1025.jpg 1536w, https:\/\/www.hotelalbares.com\/wp-content\/uploads\/2024\/10\/vielha-iglesia-san-miqueu-valle-de-aran-lerida-cataluna-espana-2048x1366.jpg 2048w\" sizes=\"(max-width: 2560px) 100vw, 2560px\" \/><\/p>\t\t\t\t\t\t<\/div>\n\t\t\t\t<\/div>\n\t\t\t\t\t<\/div>\n\t\t\t\t<\/div>\n\t\t\t\t<\/div>\n\t\t","protected":false},"excerpt":{"rendered":"<p>Vielha, un tesoro en el coraz\u00f3n de los Pirineos Vielha, la acogedora capital del Valle de Ar\u00e1n, nos invita a un viaje en el tiempo a trav\u00e9s de su rica historia y a una conexi\u00f3n profunda con la naturaleza. Este rinc\u00f3n pirenaico, con su encanto singular, combina a la perfecci\u00f3n la tranquilidad de un pueblo [&hellip;]<\/p>\n","protected":false},"author":4,"featured_media":4858,"parent":614,"menu_order":8,"comment_status":"closed","ping_status":"closed","template":"","meta":{"footnotes":""},"class_list":["post-3072","page","type-page","status-publish","has-post-thumbnail","hentry"],"yoast_head":"<!-- This site is optimized with the Yoast SEO plugin v23.4 - https:\/\/yoast.com\/wordpress\/plugins\/seo\/ -->\n<title>Lugares de inter\u00e9s en Vielha - Hotel Albares<\/title>\n<meta name=\"description\" content=\"Lugares de inter\u00e9s en Vielha, Valle de Ar\u00e1n. \u00a1Al\u00f3jate con nosotros en el Hotel Albares y vive experiencias \u00fanicas en los Pirineos!\" \/>\n<meta name=\"robots\" content=\"index, follow, max-snippet:-1, max-image-preview:large, max-video-preview:-1\" \/>\n<link rel=\"canonical\" href=\"https:\/\/www.hotelalbares.com\/es\/que-hacer-vielha-valle-de-aran\/lugares-de-interes-en-vielha\/\" \/>\n<meta property=\"og:locale\" content=\"es_ES\" \/>\n<meta property=\"og:type\" content=\"article\" \/>\n<meta property=\"og:title\" content=\"Lugares de inter\u00e9s en Vielha - Hotel Albares\" \/>\n<meta property=\"og:description\" content=\"Lugares de inter\u00e9s en Vielha, Valle de Ar\u00e1n. \u00a1Al\u00f3jate con nosotros en el Hotel Albares y vive experiencias \u00fanicas en los Pirineos!\" \/>\n<meta property=\"og:url\" content=\"https:\/\/www.hotelalbares.com\/es\/que-hacer-vielha-valle-de-aran\/lugares-de-interes-en-vielha\/\" \/>\n<meta property=\"og:site_name\" content=\"Hotel Albares\" \/>\n<meta property=\"article:modified_time\" content=\"2024-10-22T07:34:47+00:00\" \/>\n<meta property=\"og:image\" content=\"https:\/\/www.hotelalbares.com\/wp-content\/uploads\/2024\/10\/vielha-calle-entorno-hotel-albares-valle-de-aran-lerida-espana-2-1.jpeg\" \/>\n\t<meta property=\"og:image:width\" content=\"2019\" \/>\n\t<meta property=\"og:image:height\" content=\"1338\" \/>\n\t<meta property=\"og:image:type\" content=\"image\/jpeg\" \/>\n<meta name=\"twitter:card\" content=\"summary_large_image\" \/>\n<meta name=\"twitter:label1\" content=\"Tiempo de lectura\" \/>\n\t<meta name=\"twitter:data1\" content=\"2 minutos\" \/>\n<script type=\"application\/ld+json\" class=\"yoast-schema-graph\">{\"@context\":\"https:\/\/schema.org\",\"@graph\":[{\"@type\":\"WebPage\",\"@id\":\"https:\/\/www.hotelalbares.com\/es\/que-hacer-vielha-valle-de-aran\/lugares-de-interes-en-vielha\/\",\"url\":\"https:\/\/www.hotelalbares.com\/es\/que-hacer-vielha-valle-de-aran\/lugares-de-interes-en-vielha\/\",\"name\":\"Lugares de inter\u00e9s en Vielha - Hotel Albares\",\"isPartOf\":{\"@id\":\"https:\/\/www.hotelalbares.com\/es\/#website\"},\"primaryImageOfPage\":{\"@id\":\"https:\/\/www.hotelalbares.com\/es\/que-hacer-vielha-valle-de-aran\/lugares-de-interes-en-vielha\/#primaryimage\"},\"image\":{\"@id\":\"https:\/\/www.hotelalbares.com\/es\/que-hacer-vielha-valle-de-aran\/lugares-de-interes-en-vielha\/#primaryimage\"},\"thumbnailUrl\":\"https:\/\/www.hotelalbares.com\/wp-content\/uploads\/2024\/10\/vielha-calle-entorno-hotel-albares-valle-de-aran-lerida-espana-2-1.jpeg\",\"datePublished\":\"2024-10-09T08:00:57+00:00\",\"dateModified\":\"2024-10-22T07:34:47+00:00\",\"description\":\"Lugares de inter\u00e9s en Vielha, Valle de Ar\u00e1n. \u00a1Al\u00f3jate con nosotros en el Hotel Albares y vive experiencias \u00fanicas en los Pirineos!\",\"breadcrumb\":{\"@id\":\"https:\/\/www.hotelalbares.com\/es\/que-hacer-vielha-valle-de-aran\/lugares-de-interes-en-vielha\/#breadcrumb\"},\"inLanguage\":\"es\",\"potentialAction\":[{\"@type\":\"ReadAction\",\"target\":[\"https:\/\/www.hotelalbares.com\/es\/que-hacer-vielha-valle-de-aran\/lugares-de-interes-en-vielha\/\"]}]},{\"@type\":\"ImageObject\",\"inLanguage\":\"es\",\"@id\":\"https:\/\/www.hotelalbares.com\/es\/que-hacer-vielha-valle-de-aran\/lugares-de-interes-en-vielha\/#primaryimage\",\"url\":\"https:\/\/www.hotelalbares.com\/wp-content\/uploads\/2024\/10\/vielha-calle-entorno-hotel-albares-valle-de-aran-lerida-espana-2-1.jpeg\",\"contentUrl\":\"https:\/\/www.hotelalbares.com\/wp-content\/uploads\/2024\/10\/vielha-calle-entorno-hotel-albares-valle-de-aran-lerida-espana-2-1.jpeg\",\"width\":2019,\"height\":1338},{\"@type\":\"BreadcrumbList\",\"@id\":\"https:\/\/www.hotelalbares.com\/es\/que-hacer-vielha-valle-de-aran\/lugares-de-interes-en-vielha\/#breadcrumb\",\"itemListElement\":[{\"@type\":\"ListItem\",\"position\":1,\"name\":\"Home\",\"item\":\"https:\/\/www.hotelalbares.com\/es\/\"},{\"@type\":\"ListItem\",\"position\":2,\"name\":\"Vielha\",\"item\":\"https:\/\/www.hotelalbares.com\/es\/que-hacer-vielha-valle-de-aran\/\"},{\"@type\":\"ListItem\",\"position\":3,\"name\":\"Lugares de inter\u00e9s en Vielha\"}]},{\"@type\":\"WebSite\",\"@id\":\"https:\/\/www.hotelalbares.com\/es\/#website\",\"url\":\"https:\/\/www.hotelalbares.com\/es\/\",\"name\":\"Hotel Albares\",\"description\":\"\",\"publisher\":{\"@id\":\"https:\/\/www.hotelalbares.com\/es\/#organization\"},\"potentialAction\":[{\"@type\":\"SearchAction\",\"target\":{\"@type\":\"EntryPoint\",\"urlTemplate\":\"https:\/\/www.hotelalbares.com\/es\/?s={search_term_string}\"},\"query-input\":{\"@type\":\"PropertyValueSpecification\",\"valueRequired\":true,\"valueName\":\"search_term_string\"}}],\"inLanguage\":\"es\"},{\"@type\":\"Organization\",\"@id\":\"https:\/\/www.hotelalbares.com\/es\/#organization\",\"name\":\"Hotel Albares\",\"url\":\"https:\/\/www.hotelalbares.com\/es\/\",\"logo\":{\"@type\":\"ImageObject\",\"inLanguage\":\"es\",\"@id\":\"https:\/\/www.hotelalbares.com\/es\/#\/schema\/logo\/image\/\",\"url\":\"https:\/\/www.hotelalbares.com\/wp-content\/uploads\/2024\/02\/Logo_Hotel-Albares.svg\",\"contentUrl\":\"https:\/\/www.hotelalbares.com\/wp-content\/uploads\/2024\/02\/Logo_Hotel-Albares.svg\",\"width\":1313.112,\"height\":431.481,\"caption\":\"Hotel Albares\"},\"image\":{\"@id\":\"https:\/\/www.hotelalbares.com\/es\/#\/schema\/logo\/image\/\"}}]}<\/script>\n<!-- \/ Yoast SEO plugin. -->","yoast_head_json":{"title":"Lugares de inter\u00e9s en Vielha - Hotel Albares","description":"Lugares de inter\u00e9s en Vielha, Valle de Ar\u00e1n. \u00a1Al\u00f3jate con nosotros en el Hotel Albares y vive experiencias \u00fanicas en los Pirineos!","robots":{"index":"index","follow":"follow","max-snippet":"max-snippet:-1","max-image-preview":"max-image-preview:large","max-video-preview":"max-video-preview:-1"},"canonical":"https:\/\/www.hotelalbares.com\/es\/que-hacer-vielha-valle-de-aran\/lugares-de-interes-en-vielha\/","og_locale":"es_ES","og_type":"article","og_title":"Lugares de inter\u00e9s en Vielha - Hotel Albares","og_description":"Lugares de inter\u00e9s en Vielha, Valle de Ar\u00e1n. \u00a1Al\u00f3jate con nosotros en el Hotel Albares y vive experiencias \u00fanicas en los Pirineos!","og_url":"https:\/\/www.hotelalbares.com\/es\/que-hacer-vielha-valle-de-aran\/lugares-de-interes-en-vielha\/","og_site_name":"Hotel Albares","article_modified_time":"2024-10-22T07:34:47+00:00","og_image":[{"width":2019,"height":1338,"url":"https:\/\/www.hotelalbares.com\/wp-content\/uploads\/2024\/10\/vielha-calle-entorno-hotel-albares-valle-de-aran-lerida-espana-2-1.jpeg","type":"image\/jpeg"}],"twitter_card":"summary_large_image","twitter_misc":{"Tiempo de lectura":"2 minutos"},"schema":{"@context":"https:\/\/schema.org","@graph":[{"@type":"WebPage","@id":"https:\/\/www.hotelalbares.com\/es\/que-hacer-vielha-valle-de-aran\/lugares-de-interes-en-vielha\/","url":"https:\/\/www.hotelalbares.com\/es\/que-hacer-vielha-valle-de-aran\/lugares-de-interes-en-vielha\/","name":"Lugares de inter\u00e9s en Vielha - Hotel Albares","isPartOf":{"@id":"https:\/\/www.hotelalbares.com\/es\/#website"},"primaryImageOfPage":{"@id":"https:\/\/www.hotelalbares.com\/es\/que-hacer-vielha-valle-de-aran\/lugares-de-interes-en-vielha\/#primaryimage"},"image":{"@id":"https:\/\/www.hotelalbares.com\/es\/que-hacer-vielha-valle-de-aran\/lugares-de-interes-en-vielha\/#primaryimage"},"thumbnailUrl":"https:\/\/www.hotelalbares.com\/wp-content\/uploads\/2024\/10\/vielha-calle-entorno-hotel-albares-valle-de-aran-lerida-espana-2-1.jpeg","datePublished":"2024-10-09T08:00:57+00:00","dateModified":"2024-10-22T07:34:47+00:00","description":"Lugares de inter\u00e9s en Vielha, Valle de Ar\u00e1n. \u00a1Al\u00f3jate con nosotros en el Hotel Albares y vive experiencias \u00fanicas en los Pirineos!","breadcrumb":{"@id":"https:\/\/www.hotelalbares.com\/es\/que-hacer-vielha-valle-de-aran\/lugares-de-interes-en-vielha\/#breadcrumb"},"inLanguage":"es","potentialAction":[{"@type":"ReadAction","target":["https:\/\/www.hotelalbares.com\/es\/que-hacer-vielha-valle-de-aran\/lugares-de-interes-en-vielha\/"]}]},{"@type":"ImageObject","inLanguage":"es","@id":"https:\/\/www.hotelalbares.com\/es\/que-hacer-vielha-valle-de-aran\/lugares-de-interes-en-vielha\/#primaryimage","url":"https:\/\/www.hotelalbares.com\/wp-content\/uploads\/2024\/10\/vielha-calle-entorno-hotel-albares-valle-de-aran-lerida-espana-2-1.jpeg","contentUrl":"https:\/\/www.hotelalbares.com\/wp-content\/uploads\/2024\/10\/vielha-calle-entorno-hotel-albares-valle-de-aran-lerida-espana-2-1.jpeg","width":2019,"height":1338},{"@type":"BreadcrumbList","@id":"https:\/\/www.hotelalbares.com\/es\/que-hacer-vielha-valle-de-aran\/lugares-de-interes-en-vielha\/#breadcrumb","itemListElement":[{"@type":"ListItem","position":1,"name":"Home","item":"https:\/\/www.hotelalbares.com\/es\/"},{"@type":"ListItem","position":2,"name":"Vielha","item":"https:\/\/www.hotelalbares.com\/es\/que-hacer-vielha-valle-de-aran\/"},{"@type":"ListItem","position":3,"name":"Lugares de inter\u00e9s en Vielha"}]},{"@type":"WebSite","@id":"https:\/\/www.hotelalbares.com\/es\/#website","url":"https:\/\/www.hotelalbares.com\/es\/","name":"Hotel Albares","description":"","publisher":{"@id":"https:\/\/www.hotelalbares.com\/es\/#organization"},"potentialAction":[{"@type":"SearchAction","target":{"@type":"EntryPoint","urlTemplate":"https:\/\/www.hotelalbares.com\/es\/?s={search_term_string}"},"query-input":{"@type":"PropertyValueSpecification","valueRequired":true,"valueName":"search_term_string"}}],"inLanguage":"es"},{"@type":"Organization","@id":"https:\/\/www.hotelalbares.com\/es\/#organization","name":"Hotel Albares","url":"https:\/\/www.hotelalbares.com\/es\/","logo":{"@type":"ImageObject","inLanguage":"es","@id":"https:\/\/www.hotelalbares.com\/es\/#\/schema\/logo\/image\/","url":"https:\/\/www.hotelalbares.com\/wp-content\/uploads\/2024\/02\/Logo_Hotel-Albares.svg","contentUrl":"https:\/\/www.hotelalbares.com\/wp-content\/uploads\/2024\/02\/Logo_Hotel-Albares.svg","width":1313.112,"height":431.481,"caption":"Hotel Albares"},"image":{"@id":"https:\/\/www.hotelalbares.com\/es\/#\/schema\/logo\/image\/"}}]}},"_links":{"self":[{"href":"https:\/\/www.hotelalbares.com\/es\/wp-json\/wp\/v2\/pages\/3072","targetHints":{"allow":["GET"]}}],"collection":[{"href":"https:\/\/www.hotelalbares.com\/es\/wp-json\/wp\/v2\/pages"}],"about":[{"href":"https:\/\/www.hotelalbares.com\/es\/wp-json\/wp\/v2\/types\/page"}],"author":[{"embeddable":true,"href":"https:\/\/www.hotelalbares.com\/es\/wp-json\/wp\/v2\/users\/4"}],"replies":[{"embeddable":true,"href":"https:\/\/www.hotelalbares.com\/es\/wp-json\/wp\/v2\/comments?post=3072"}],"version-history":[{"count":44,"href":"https:\/\/www.hotelalbares.com\/es\/wp-json\/wp\/v2\/pages\/3072\/revisions"}],"predecessor-version":[{"id":5880,"href":"https:\/\/www.hotelalbares.com\/es\/wp-json\/wp\/v2\/pages\/3072\/revisions\/5880"}],"up":[{"embeddable":true,"href":"https:\/\/www.hotelalbares.com\/es\/wp-json\/wp\/v2\/pages\/614"}],"wp:featuredmedia":[{"embeddable":true,"href":"https:\/\/www.hotelalbares.com\/es\/wp-json\/wp\/v2\/media\/4858"}],"wp:attachment":[{"href":"https:\/\/www.hotelalbares.com\/es\/wp-json\/wp\/v2\/media?parent=3072"}],"curies":[{"name":"wp","href":"https:\/\/api.w.org\/{rel}","templated":true}]}}