{"id":3064,"date":"2024-10-09T12:00:49","date_gmt":"2024-10-09T10:00:49","guid":{"rendered":"https:\/\/dev-lascumbresapart.gnahs.com\/?page_id=3064"},"modified":"2024-10-22T09:36:12","modified_gmt":"2024-10-22T07:36:12","slug":"actividades-de-invierno","status":"publish","type":"page","link":"https:\/\/www.hotelalbares.com\/es\/que-hacer-vielha-valle-de-aran\/actividades-de-invierno\/","title":{"rendered":"Actividades de invierno"},"content":{"rendered":"\t\t<div data-elementor-type=\"wp-page\" data-elementor-id=\"3064\" class=\"elementor elementor-3064\" data-elementor-post-type=\"page\">\n\t\t\t\t<div class=\"elementor-element elementor-element-5abf1531 e-flex e-con-boxed e-con e-parent\" data-id=\"5abf1531\" data-element_type=\"container\">\n\t\t\t\t\t<div class=\"e-con-inner\">\n\t\t\t\t<div class=\"elementor-element elementor-element-212eb4c4 elementor-widget elementor-widget-text-editor\" data-id=\"212eb4c4\" data-element_type=\"widget\" data-widget_type=\"text-editor.default\">\n\t\t\t\t<div class=\"elementor-widget-container\">\n\t\t\t\t\t\t\t<div dir=\"auto\" data-message-author-role=\"assistant\" data-message-id=\"8d77f3ea-95a1-40fe-8732-0c3480bd9a9a\"><div><h2><strong>Vielha, un lienzo blanco donde la aventura te espera<\/strong><\/h2><p data-sourcepos=\"5:1-5:307\">En el coraz\u00f3n de los <strong>Pirineos<\/strong>, se encuentra <strong>Vielha<\/strong>, un pueblo encantador en el que puedes vivir experiencias \u00fanicas. Su proximidad con la <strong>estaci\u00f3n de esqu\u00ed Baqueira Beret<\/strong> lo convierte en el destino perfecto para los amantes de la nieve y la aventura.<\/p><h3 data-sourcepos=\"5:1-5:307\">Un abanico de posibilidades para los amantes de la nieve<\/h3><p data-sourcepos=\"7:1-7:282\"><a href=\"https:\/\/www.baqueira.es\/\" target=\"_blank\" rel=\"noopener\"><strong>Baqueira Beret<\/strong><\/a>, es una de las estaciones de esqu\u00ed m\u00e1s prestigiosas de Espa\u00f1a. Con sus extensas pistas, sus modernas instalaciones y su variada oferta de actividades, podr\u00e1s disfrutar practicando una gran variedad de deportes.<\/p><ul><li data-sourcepos=\"11:1-11:196\"><strong>Esqu\u00ed:<\/strong> Sus pistas, dise\u00f1adas para todos los niveles, se convierten en el escenario ideal para deslizarse a toda velocidad y disfrutar de la emoci\u00f3n de la monta\u00f1a.<\/li><li data-sourcepos=\"12:1-12:170\"><strong>Snowboard:<\/strong> Para los m\u00e1s atrevidos, el snowboard ofrece una experiencia \u00fanica, donde la monta\u00f1a se convierte en un inmenso parque de juegos sobre la tabla.<\/li><li data-sourcepos=\"13:1-13:203\"><strong>Raquetas de nieve:<\/strong> Los amantes de la tranquilidad encontrar\u00e1n en las raquetas de nieve la forma perfecta de explorar los bosques nevados y descubrir rincones escondidos.<\/li><li data-sourcepos=\"14:1-14:140\"><strong>Trineos tirados por perros:<\/strong> Una experiencia m\u00e1gica que transporta a grandes y peque\u00f1os a un cuento de invierno junto a animales.<\/li><li data-sourcepos=\"15:1-16:0\"><strong>Esqu\u00ed de fondo:<\/strong> Para los que buscan un contacto m\u00e1s \u00edntimo con la naturaleza, el esqu\u00ed de fondo es una actividad ideal para disfrutar del silencio y la belleza del paisaje.<\/li><\/ul><h3 data-sourcepos=\"17:1-17:36\">\u00a0<\/h3><h3 data-sourcepos=\"17:1-17:36\">Apr\u00e8s-ski, la guinda del pastel<\/h3><p data-sourcepos=\"19:1-19:336\">Despu\u00e9s de un d\u00eda intenso en la nieve, <strong>Baqueira Beret<\/strong> ofrece una amplia variedad de opciones para relajarse y disfrutar del ambiente acogedor de sus<a href=\"https:\/\/www.baqueira.es\/restaurantes-baqueira\" target=\"_blank\" rel=\"noopener\"><strong> bares y restaurantes<\/strong><\/a>. Una copa de vino caliente junto a la chimenea, una deliciosa cena con productos locales o una animada velada con amigos son solo algunas de las posibilidades que te esperan.<\/p><h3 data-sourcepos=\"19:1-19:336\">Los balnearios del Valle de Ar\u00e1n, un oasis de bienestar<\/h3><p>Si buscas relajaci\u00f3n y bienestar, el <strong>Hotel Albares<\/strong> te ofrece la opci\u00f3n de visitar los balnearios cercanos, como las <a href=\"https:\/\/www.visitvaldaran.com\/item\/termas-baronia-les\/\" target=\"_blank\" rel=\"noopener\"><strong>Termas Baronia Les<\/strong><\/a>, donde podr\u00e1s disfrutar de tratamientos y masajes dise\u00f1ados para aliviar el estr\u00e9s diario. Sumergirse en las aguas termales sulfurosas, como lo hac\u00edan los romanos, es una experiencia \u00fanica que te permitir\u00e1 reconectar con tu cuerpo y mente, en plena naturaleza. Estos centros de bienestar son el lugar perfecto para desconectar y rejuvenecer, haciendo de tu estancia una escapada inolvidable.<\/p><\/div><p data-sourcepos=\"19:1-19:336\"><img fetchpriority=\"high\" decoding=\"async\" class=\"aligncenter wp-image-5007 size-full\" src=\"https:\/\/www.hotelalbares.com\/wp-content\/uploads\/2024\/10\/familia-nieve-hotel-alabres-vielha-valle-de-aran-lerida-espana-1-scaled.jpeg\" alt=\"\" width=\"2560\" height=\"1707\" srcset=\"https:\/\/www.hotelalbares.com\/wp-content\/uploads\/2024\/10\/familia-nieve-hotel-alabres-vielha-valle-de-aran-lerida-espana-1-scaled.jpeg 2560w, https:\/\/www.hotelalbares.com\/wp-content\/uploads\/2024\/10\/familia-nieve-hotel-alabres-vielha-valle-de-aran-lerida-espana-1-300x200.jpeg 300w, https:\/\/www.hotelalbares.com\/wp-content\/uploads\/2024\/10\/familia-nieve-hotel-alabres-vielha-valle-de-aran-lerida-espana-1-1024x683.jpeg 1024w, https:\/\/www.hotelalbares.com\/wp-content\/uploads\/2024\/10\/familia-nieve-hotel-alabres-vielha-valle-de-aran-lerida-espana-1-768x512.jpeg 768w, https:\/\/www.hotelalbares.com\/wp-content\/uploads\/2024\/10\/familia-nieve-hotel-alabres-vielha-valle-de-aran-lerida-espana-1-1536x1024.jpeg 1536w, https:\/\/www.hotelalbares.com\/wp-content\/uploads\/2024\/10\/familia-nieve-hotel-alabres-vielha-valle-de-aran-lerida-espana-1-2048x1365.jpeg 2048w\" sizes=\"(max-width: 2560px) 100vw, 2560px\" \/><\/p><\/div>\t\t\t\t\t\t<\/div>\n\t\t\t\t<\/div>\n\t\t\t\t\t<\/div>\n\t\t\t\t<\/div>\n\t\t\t\t<\/div>\n\t\t","protected":false},"excerpt":{"rendered":"<p>Vielha, un lienzo blanco donde la aventura te espera En el coraz\u00f3n de los Pirineos, se encuentra Vielha, un pueblo encantador en el que puedes vivir experiencias \u00fanicas. Su proximidad con la estaci\u00f3n de esqu\u00ed Baqueira Beret lo convierte en el destino perfecto para los amantes de la nieve y la aventura. Un abanico de [&hellip;]<\/p>\n","protected":false},"author":4,"featured_media":5005,"parent":614,"menu_order":3,"comment_status":"closed","ping_status":"closed","template":"","meta":{"footnotes":""},"class_list":["post-3064","page","type-page","status-publish","has-post-thumbnail","hentry"],"yoast_head":"<!-- This site is optimized with the Yoast SEO plugin v23.4 - https:\/\/yoast.com\/wordpress\/plugins\/seo\/ -->\n<title>Actividades de invierno - Hotel Albares<\/title>\n<meta name=\"description\" content=\"Actividades de invierno en Vielha, Valle de Ar\u00e1n. \u00a1Al\u00f3jate con nosotros en el Hotel Albares y vive experiencias \u00fanicas en los Pirineos!\" \/>\n<meta name=\"robots\" content=\"index, follow, max-snippet:-1, max-image-preview:large, max-video-preview:-1\" \/>\n<link rel=\"canonical\" href=\"https:\/\/www.hotelalbares.com\/es\/que-hacer-vielha-valle-de-aran\/actividades-de-invierno\/\" \/>\n<meta property=\"og:locale\" content=\"es_ES\" \/>\n<meta property=\"og:type\" content=\"article\" \/>\n<meta property=\"og:title\" content=\"Actividades de invierno - Hotel Albares\" \/>\n<meta property=\"og:description\" content=\"Actividades de invierno en Vielha, Valle de Ar\u00e1n. \u00a1Al\u00f3jate con nosotros en el Hotel Albares y vive experiencias \u00fanicas en los Pirineos!\" \/>\n<meta property=\"og:url\" content=\"https:\/\/www.hotelalbares.com\/es\/que-hacer-vielha-valle-de-aran\/actividades-de-invierno\/\" \/>\n<meta property=\"og:site_name\" content=\"Hotel Albares\" \/>\n<meta property=\"article:modified_time\" content=\"2024-10-22T07:36:12+00:00\" \/>\n<meta property=\"og:image\" content=\"https:\/\/www.hotelalbares.com\/wp-content\/uploads\/2024\/10\/nieve-baqueira-beret-hotel-albares-vielha-valle-de-aran-lerida-espana-1-scaled.jpeg\" \/>\n\t<meta property=\"og:image:width\" content=\"2560\" \/>\n\t<meta property=\"og:image:height\" content=\"1608\" \/>\n\t<meta property=\"og:image:type\" content=\"image\/jpeg\" \/>\n<meta name=\"twitter:card\" content=\"summary_large_image\" \/>\n<meta name=\"twitter:label1\" content=\"Tiempo de lectura\" \/>\n\t<meta name=\"twitter:data1\" content=\"2 minutos\" \/>\n<script type=\"application\/ld+json\" class=\"yoast-schema-graph\">{\"@context\":\"https:\/\/schema.org\",\"@graph\":[{\"@type\":\"WebPage\",\"@id\":\"https:\/\/www.hotelalbares.com\/es\/que-hacer-vielha-valle-de-aran\/actividades-de-invierno\/\",\"url\":\"https:\/\/www.hotelalbares.com\/es\/que-hacer-vielha-valle-de-aran\/actividades-de-invierno\/\",\"name\":\"Actividades de invierno - Hotel Albares\",\"isPartOf\":{\"@id\":\"https:\/\/www.hotelalbares.com\/es\/#website\"},\"primaryImageOfPage\":{\"@id\":\"https:\/\/www.hotelalbares.com\/es\/que-hacer-vielha-valle-de-aran\/actividades-de-invierno\/#primaryimage\"},\"image\":{\"@id\":\"https:\/\/www.hotelalbares.com\/es\/que-hacer-vielha-valle-de-aran\/actividades-de-invierno\/#primaryimage\"},\"thumbnailUrl\":\"https:\/\/www.hotelalbares.com\/wp-content\/uploads\/2024\/10\/nieve-baqueira-beret-hotel-albares-vielha-valle-de-aran-lerida-espana-1-scaled.jpeg\",\"datePublished\":\"2024-10-09T10:00:49+00:00\",\"dateModified\":\"2024-10-22T07:36:12+00:00\",\"description\":\"Actividades de invierno en Vielha, Valle de Ar\u00e1n. \u00a1Al\u00f3jate con nosotros en el Hotel Albares y vive experiencias \u00fanicas en los Pirineos!\",\"breadcrumb\":{\"@id\":\"https:\/\/www.hotelalbares.com\/es\/que-hacer-vielha-valle-de-aran\/actividades-de-invierno\/#breadcrumb\"},\"inLanguage\":\"es\",\"potentialAction\":[{\"@type\":\"ReadAction\",\"target\":[\"https:\/\/www.hotelalbares.com\/es\/que-hacer-vielha-valle-de-aran\/actividades-de-invierno\/\"]}]},{\"@type\":\"ImageObject\",\"inLanguage\":\"es\",\"@id\":\"https:\/\/www.hotelalbares.com\/es\/que-hacer-vielha-valle-de-aran\/actividades-de-invierno\/#primaryimage\",\"url\":\"https:\/\/www.hotelalbares.com\/wp-content\/uploads\/2024\/10\/nieve-baqueira-beret-hotel-albares-vielha-valle-de-aran-lerida-espana-1-scaled.jpeg\",\"contentUrl\":\"https:\/\/www.hotelalbares.com\/wp-content\/uploads\/2024\/10\/nieve-baqueira-beret-hotel-albares-vielha-valle-de-aran-lerida-espana-1-scaled.jpeg\",\"width\":2560,\"height\":1608},{\"@type\":\"BreadcrumbList\",\"@id\":\"https:\/\/www.hotelalbares.com\/es\/que-hacer-vielha-valle-de-aran\/actividades-de-invierno\/#breadcrumb\",\"itemListElement\":[{\"@type\":\"ListItem\",\"position\":1,\"name\":\"Home\",\"item\":\"https:\/\/www.hotelalbares.com\/es\/\"},{\"@type\":\"ListItem\",\"position\":2,\"name\":\"Vielha\",\"item\":\"https:\/\/www.hotelalbares.com\/es\/que-hacer-vielha-valle-de-aran\/\"},{\"@type\":\"ListItem\",\"position\":3,\"name\":\"Actividades de invierno\"}]},{\"@type\":\"WebSite\",\"@id\":\"https:\/\/www.hotelalbares.com\/es\/#website\",\"url\":\"https:\/\/www.hotelalbares.com\/es\/\",\"name\":\"Hotel Albares\",\"description\":\"\",\"publisher\":{\"@id\":\"https:\/\/www.hotelalbares.com\/es\/#organization\"},\"potentialAction\":[{\"@type\":\"SearchAction\",\"target\":{\"@type\":\"EntryPoint\",\"urlTemplate\":\"https:\/\/www.hotelalbares.com\/es\/?s={search_term_string}\"},\"query-input\":{\"@type\":\"PropertyValueSpecification\",\"valueRequired\":true,\"valueName\":\"search_term_string\"}}],\"inLanguage\":\"es\"},{\"@type\":\"Organization\",\"@id\":\"https:\/\/www.hotelalbares.com\/es\/#organization\",\"name\":\"Hotel Albares\",\"url\":\"https:\/\/www.hotelalbares.com\/es\/\",\"logo\":{\"@type\":\"ImageObject\",\"inLanguage\":\"es\",\"@id\":\"https:\/\/www.hotelalbares.com\/es\/#\/schema\/logo\/image\/\",\"url\":\"https:\/\/www.hotelalbares.com\/wp-content\/uploads\/2024\/02\/Logo_Hotel-Albares.svg\",\"contentUrl\":\"https:\/\/www.hotelalbares.com\/wp-content\/uploads\/2024\/02\/Logo_Hotel-Albares.svg\",\"width\":1313.112,\"height\":431.481,\"caption\":\"Hotel Albares\"},\"image\":{\"@id\":\"https:\/\/www.hotelalbares.com\/es\/#\/schema\/logo\/image\/\"}}]}<\/script>\n<!-- \/ Yoast SEO plugin. -->","yoast_head_json":{"title":"Actividades de invierno - Hotel Albares","description":"Actividades de invierno en Vielha, Valle de Ar\u00e1n. \u00a1Al\u00f3jate con nosotros en el Hotel Albares y vive experiencias \u00fanicas en los Pirineos!","robots":{"index":"index","follow":"follow","max-snippet":"max-snippet:-1","max-image-preview":"max-image-preview:large","max-video-preview":"max-video-preview:-1"},"canonical":"https:\/\/www.hotelalbares.com\/es\/que-hacer-vielha-valle-de-aran\/actividades-de-invierno\/","og_locale":"es_ES","og_type":"article","og_title":"Actividades de invierno - Hotel Albares","og_description":"Actividades de invierno en Vielha, Valle de Ar\u00e1n. \u00a1Al\u00f3jate con nosotros en el Hotel Albares y vive experiencias \u00fanicas en los Pirineos!","og_url":"https:\/\/www.hotelalbares.com\/es\/que-hacer-vielha-valle-de-aran\/actividades-de-invierno\/","og_site_name":"Hotel Albares","article_modified_time":"2024-10-22T07:36:12+00:00","og_image":[{"width":2560,"height":1608,"url":"https:\/\/www.hotelalbares.com\/wp-content\/uploads\/2024\/10\/nieve-baqueira-beret-hotel-albares-vielha-valle-de-aran-lerida-espana-1-scaled.jpeg","type":"image\/jpeg"}],"twitter_card":"summary_large_image","twitter_misc":{"Tiempo de lectura":"2 minutos"},"schema":{"@context":"https:\/\/schema.org","@graph":[{"@type":"WebPage","@id":"https:\/\/www.hotelalbares.com\/es\/que-hacer-vielha-valle-de-aran\/actividades-de-invierno\/","url":"https:\/\/www.hotelalbares.com\/es\/que-hacer-vielha-valle-de-aran\/actividades-de-invierno\/","name":"Actividades de invierno - Hotel Albares","isPartOf":{"@id":"https:\/\/www.hotelalbares.com\/es\/#website"},"primaryImageOfPage":{"@id":"https:\/\/www.hotelalbares.com\/es\/que-hacer-vielha-valle-de-aran\/actividades-de-invierno\/#primaryimage"},"image":{"@id":"https:\/\/www.hotelalbares.com\/es\/que-hacer-vielha-valle-de-aran\/actividades-de-invierno\/#primaryimage"},"thumbnailUrl":"https:\/\/www.hotelalbares.com\/wp-content\/uploads\/2024\/10\/nieve-baqueira-beret-hotel-albares-vielha-valle-de-aran-lerida-espana-1-scaled.jpeg","datePublished":"2024-10-09T10:00:49+00:00","dateModified":"2024-10-22T07:36:12+00:00","description":"Actividades de invierno en Vielha, Valle de Ar\u00e1n. \u00a1Al\u00f3jate con nosotros en el Hotel Albares y vive experiencias \u00fanicas en los Pirineos!","breadcrumb":{"@id":"https:\/\/www.hotelalbares.com\/es\/que-hacer-vielha-valle-de-aran\/actividades-de-invierno\/#breadcrumb"},"inLanguage":"es","potentialAction":[{"@type":"ReadAction","target":["https:\/\/www.hotelalbares.com\/es\/que-hacer-vielha-valle-de-aran\/actividades-de-invierno\/"]}]},{"@type":"ImageObject","inLanguage":"es","@id":"https:\/\/www.hotelalbares.com\/es\/que-hacer-vielha-valle-de-aran\/actividades-de-invierno\/#primaryimage","url":"https:\/\/www.hotelalbares.com\/wp-content\/uploads\/2024\/10\/nieve-baqueira-beret-hotel-albares-vielha-valle-de-aran-lerida-espana-1-scaled.jpeg","contentUrl":"https:\/\/www.hotelalbares.com\/wp-content\/uploads\/2024\/10\/nieve-baqueira-beret-hotel-albares-vielha-valle-de-aran-lerida-espana-1-scaled.jpeg","width":2560,"height":1608},{"@type":"BreadcrumbList","@id":"https:\/\/www.hotelalbares.com\/es\/que-hacer-vielha-valle-de-aran\/actividades-de-invierno\/#breadcrumb","itemListElement":[{"@type":"ListItem","position":1,"name":"Home","item":"https:\/\/www.hotelalbares.com\/es\/"},{"@type":"ListItem","position":2,"name":"Vielha","item":"https:\/\/www.hotelalbares.com\/es\/que-hacer-vielha-valle-de-aran\/"},{"@type":"ListItem","position":3,"name":"Actividades de invierno"}]},{"@type":"WebSite","@id":"https:\/\/www.hotelalbares.com\/es\/#website","url":"https:\/\/www.hotelalbares.com\/es\/","name":"Hotel Albares","description":"","publisher":{"@id":"https:\/\/www.hotelalbares.com\/es\/#organization"},"potentialAction":[{"@type":"SearchAction","target":{"@type":"EntryPoint","urlTemplate":"https:\/\/www.hotelalbares.com\/es\/?s={search_term_string}"},"query-input":{"@type":"PropertyValueSpecification","valueRequired":true,"valueName":"search_term_string"}}],"inLanguage":"es"},{"@type":"Organization","@id":"https:\/\/www.hotelalbares.com\/es\/#organization","name":"Hotel Albares","url":"https:\/\/www.hotelalbares.com\/es\/","logo":{"@type":"ImageObject","inLanguage":"es","@id":"https:\/\/www.hotelalbares.com\/es\/#\/schema\/logo\/image\/","url":"https:\/\/www.hotelalbares.com\/wp-content\/uploads\/2024\/02\/Logo_Hotel-Albares.svg","contentUrl":"https:\/\/www.hotelalbares.com\/wp-content\/uploads\/2024\/02\/Logo_Hotel-Albares.svg","width":1313.112,"height":431.481,"caption":"Hotel Albares"},"image":{"@id":"https:\/\/www.hotelalbares.com\/es\/#\/schema\/logo\/image\/"}}]}},"_links":{"self":[{"href":"https:\/\/www.hotelalbares.com\/es\/wp-json\/wp\/v2\/pages\/3064","targetHints":{"allow":["GET"]}}],"collection":[{"href":"https:\/\/www.hotelalbares.com\/es\/wp-json\/wp\/v2\/pages"}],"about":[{"href":"https:\/\/www.hotelalbares.com\/es\/wp-json\/wp\/v2\/types\/page"}],"author":[{"embeddable":true,"href":"https:\/\/www.hotelalbares.com\/es\/wp-json\/wp\/v2\/users\/4"}],"replies":[{"embeddable":true,"href":"https:\/\/www.hotelalbares.com\/es\/wp-json\/wp\/v2\/comments?post=3064"}],"version-history":[{"count":42,"href":"https:\/\/www.hotelalbares.com\/es\/wp-json\/wp\/v2\/pages\/3064\/revisions"}],"predecessor-version":[{"id":5883,"href":"https:\/\/www.hotelalbares.com\/es\/wp-json\/wp\/v2\/pages\/3064\/revisions\/5883"}],"up":[{"embeddable":true,"href":"https:\/\/www.hotelalbares.com\/es\/wp-json\/wp\/v2\/pages\/614"}],"wp:featuredmedia":[{"embeddable":true,"href":"https:\/\/www.hotelalbares.com\/es\/wp-json\/wp\/v2\/media\/5005"}],"wp:attachment":[{"href":"https:\/\/www.hotelalbares.com\/es\/wp-json\/wp\/v2\/media?parent=3064"}],"curies":[{"name":"wp","href":"https:\/\/api.w.org\/{rel}","templated":true}]}}