{"id":678,"date":"2024-03-07T10:50:32","date_gmt":"2024-03-07T09:50:32","guid":{"rendered":"https:\/\/dev-lascumbresapart.gnahs.com\/?page_id=678"},"modified":"2024-10-14T12:04:30","modified_gmt":"2024-10-14T10:04:30","slug":"cookie-policy","status":"publish","type":"page","link":"https:\/\/www.hotelalbares.com\/en\/cookie-policy\/","title":{"rendered":"Cookie policy"},"content":{"rendered":"\t\t<div data-elementor-type=\"wp-page\" data-elementor-id=\"678\" class=\"elementor elementor-678 elementor-677\" data-elementor-post-type=\"page\">\n\t\t\t\t<div class=\"elementor-element elementor-element-391e829 e-flex e-con-boxed e-con e-parent\" data-id=\"391e829\" data-element_type=\"container\" data-settings=\"{&quot;background_background&quot;:&quot;classic&quot;}\">\n\t\t\t\t\t<div class=\"e-con-inner\">\n\t\t\t\t<div class=\"elementor-element elementor-element-65252e79 elementor-widget elementor-widget-heading\" data-id=\"65252e79\" data-element_type=\"widget\" data-widget_type=\"heading.default\">\n\t\t\t\t<div class=\"elementor-widget-container\">\n\t\t\t<div class=\"elementor-heading-title elementor-size-default\">Cookie policy<\/div>\t\t<\/div>\n\t\t\t\t<\/div>\n\t\t\t\t<div class=\"elementor-element elementor-element-41191bc1 elementor-icon-list--layout-inline elementor-align-center elementor-list-item-link-full_width elementor-widget elementor-widget-icon-list\" data-id=\"41191bc1\" data-element_type=\"widget\" data-widget_type=\"icon-list.default\">\n\t\t\t\t<div class=\"elementor-widget-container\">\n\t\t\t\t\t<ul class=\"elementor-icon-list-items elementor-inline-items\">\n\t\t\t\t\t\t\t<li class=\"elementor-icon-list-item elementor-inline-item\">\n\t\t\t\t\t\t\t\t\t\t\t<a href=\"https:\/\/www.hotelalbares.com\/en\/\">\n\n\t\t\t\t\t\t\t\t\t\t\t<span class=\"elementor-icon-list-text\">Home<\/span>\n\t\t\t\t\t\t\t\t\t\t\t<\/a>\n\t\t\t\t\t\t\t\t\t<\/li>\n\t\t\t\t\t\t\t\t<li class=\"elementor-icon-list-item elementor-inline-item\">\n\t\t\t\t\t\t\t\t\t\t\t<span class=\"elementor-icon-list-icon\">\n\t\t\t\t\t\t\t<svg aria-hidden=\"true\" class=\"e-font-icon-svg e-fas-chevron-right\" viewBox=\"0 0 320 512\" xmlns=\"http:\/\/www.w3.org\/2000\/svg\"><path d=\"M285.476 272.971L91.132 467.314c-9.373 9.373-24.569 9.373-33.941 0l-22.667-22.667c-9.357-9.357-9.375-24.522-.04-33.901L188.505 256 34.484 101.255c-9.335-9.379-9.317-24.544.04-33.901l22.667-22.667c9.373-9.373 24.569-9.373 33.941 0L285.475 239.03c9.373 9.372 9.373 24.568.001 33.941z\"><\/path><\/svg>\t\t\t\t\t\t<\/span>\n\t\t\t\t\t\t\t\t\t\t<span class=\"elementor-icon-list-text\">Cookie policy<\/span>\n\t\t\t\t\t\t\t\t\t<\/li>\n\t\t\t\t\t\t<\/ul>\n\t\t\t\t<\/div>\n\t\t\t\t<\/div>\n\t\t\t\t\t<\/div>\n\t\t\t\t<\/div>\n\t\t<div class=\"elementor-element elementor-element-4b916d17 e-flex e-con-boxed e-con e-parent\" data-id=\"4b916d17\" data-element_type=\"container\" data-settings=\"{&quot;motion_fx_motion_fx_scrolling&quot;:&quot;yes&quot;,&quot;motion_fx_translateY_effect&quot;:&quot;yes&quot;,&quot;motion_fx_devices&quot;:[&quot;desktop&quot;,&quot;tablet&quot;],&quot;motion_fx_translateY_speed&quot;:{&quot;unit&quot;:&quot;px&quot;,&quot;size&quot;:4,&quot;sizes&quot;:[]},&quot;motion_fx_translateY_affectedRange&quot;:{&quot;unit&quot;:&quot;%&quot;,&quot;size&quot;:&quot;&quot;,&quot;sizes&quot;:{&quot;start&quot;:0,&quot;end&quot;:100}}}\">\n\t\t\t\t\t<div class=\"e-con-inner\">\n\t\t<div class=\"elementor-element elementor-element-1704ffb1 e-flex e-con-boxed e-con e-child\" data-id=\"1704ffb1\" data-element_type=\"container\">\n\t\t\t\t\t<div class=\"e-con-inner\">\n\t\t\t\t<div class=\"elementor-element elementor-element-75e37d3a elementor-widget elementor-widget-heading\" data-id=\"75e37d3a\" data-element_type=\"widget\" data-widget_type=\"heading.default\">\n\t\t\t\t<div class=\"elementor-widget-container\">\n\t\t\t<div class=\"elementor-heading-title elementor-size-default\">Legal texts<\/div>\t\t<\/div>\n\t\t\t\t<\/div>\n\t\t\t\t<div class=\"elementor-element elementor-element-1252f59 elementor-widget elementor-widget-heading\" data-id=\"1252f59\" data-element_type=\"widget\" data-widget_type=\"heading.default\">\n\t\t\t\t<div class=\"elementor-widget-container\">\n\t\t\t<h1 class=\"elementor-heading-title elementor-size-default\">Hotel Albares' cookie policy<\/h1>\t\t<\/div>\n\t\t\t\t<\/div>\n\t\t\t\t\t<\/div>\n\t\t\t\t<\/div>\n\t\t<div class=\"elementor-element elementor-element-4abb49fc e-flex e-con-boxed e-con e-child\" data-id=\"4abb49fc\" data-element_type=\"container\">\n\t\t\t\t\t<div class=\"e-con-inner\">\n\t\t\t\t<div class=\"elementor-element elementor-element-2f38bc9 elementor-widget elementor-widget-text-editor\" data-id=\"2f38bc9\" data-element_type=\"widget\" data-widget_type=\"text-editor.default\">\n\t\t\t\t<div class=\"elementor-widget-container\">\n\t\t\t\t\t\t\t<h3><b>What are cookies?<\/b><\/h3>\n<p><span style=\"text-align: var(--text-align); color: var( --e-global-color-text ); font-family: var( --e-global-typography-text-font-family ), Sans-serif; font-size: var( --e-global-typography-text-font-size ); font-weight: var( --e-global-typography-text-font-weight ); text-transform: var( --e-global-typography-text-text-transform );\">Cookies are small data files that are received by the terminal from the visited website and are used to record certain browsing interactions on a website by storing data that can be updated and retrieved. These files are stored on the user&#8217;s computer and contain anonymous data that is not harmful to their computer. They are used to remember the user&#8217;s preferences, such as the selected language, access data or page personalization.<\/span><\/p>\n<p>Cookies can also be used to record anonymous information about how a visitor uses a site. For example, from which web page you have accessed, or if you have used an advertising banner to get there.<\/p>\n<h3><b>Why does Hotel Albares use cookies?<\/b><\/h3>\n<p>We use cookies that are strictly necessary and essential for you to use our website and allow you to move around freely, use secure areas, personalized options, etc. In addition, we use cookies that collect data relating to web usage analysis.  These are used to help improve user service, measuring the use and performance of the page, to optimize and personalize it.<\/p>\n<p>Our sites may also have social media links (such as Facebook or Twitter). Hotel Albares does not control the cookies used by these external websites. For more information about cookies from social networks or other external websites, we advise you to review their own cookie policies. <\/p>\n<h3><b>Types of cookies<\/b><\/h3>\n<p><b><span style=\"text-decoration: underline;\">Depending on the entity that manages them:<\/span><\/b><\/p>\n<div>\n<ul>\n<li><b>Own Cookies<\/b><br \/>First-party cookies are those generated by the page you are visiting.<\/li>\n<li><b>Third-party cookies<\/b><br \/>Third-party cookies are those generated by external services or providers, such as Facebook, Twitter, Google, etc.<\/li>\n<\/ul>\n<\/div>\n<p><span style=\"text-decoration: underline;\"><b>According to their purpose:<\/b><\/span><\/p>\n<div>\n<ul>\n<li><b>Technical Cookies<\/b><br \/>Technical cookies are those essential and strictly necessary for the proper functioning of a web portal and the use of the different options and services offered.<br \/>For example, those used for session maintenance, response time management, performance or validation of options, use of security elements, sharing content with social networks, etc.<\/li>\n<li><b>Customization cookies<\/b><br \/>These cookies allow the user to specify or customize some features of the general options of the website, for example, set the language, regional settings or browser type.<\/li>\n<li><b>Analytical Cookies<\/b><br \/>Analytical cookies are those used by our web portals, to develop navigation profiles and to know the preferences of the users of the same in order to improve the supply of products and services.<br \/>For example, through an analytical cookie would control the geographic areas of greatest interest to a user, which is the most popular product, etc..<\/li>\n<li><b>Advertising \/ advertising cookies<\/b><br \/>Advertising cookies allow the management of advertising spaces based on specific criteria. For example the frequency of access, edited content, etc..<br \/>Advertising cookies allow through the management of advertising to store behavioral information through the observation of habits, studying the accesses and forming a profile of user preferences, to offer advertising related to the interests of your profile. <\/li>\n<\/ul>\n<\/div>\n<p><span style=\"text-decoration: underline;\"><b>According to deadline:<\/b><\/span><\/p>\n<div>\n<ul>\n<li><b>Session cookies<\/b><br \/>Session cookies are those that last as long as the user is browsing the website and are deleted at the end of the session.<\/li>\n<li><b>Persistent cookies<\/b><br \/>These cookies are stored in the user&#8217;s terminal for a longer period of time, thus facilitating the control of the preferences chosen without having to repeat certain parameters each time the website is visited.<\/li>\n<\/ul>\n<\/div>\n<h3><b>Identification of cookies on this page<\/b><\/h3>\n<p>The cookies used on this website may be processed by us and also by the third parties listed below, with whom we have contracted the provision of services for which the use of cookies is required:<\/p>\n<div>&#8211; Analytics<\/div>\n<div> <\/div>\n<h3><b>How do I disable or delete cookies?<\/b><\/h3>\n<p>In order to comply with applicable law, we need to ask for your permission to manage cookies. If you decide not to authorize the processing by indicating your non-conformity, we will only use technical cookies, since they are essential for browsing our website. In this case, we would not store any cookies. In the case of continuing to browse our website without refusing your authorization implies that you accept its use.<\/p>\n<p>Please note that if you reject or delete cookies browsing the Hotel Albares website, we will not be able to maintain your preferences, some features of the pages will not be operational, we will not be able to offer personalized services and every time you go to browse our website we will have to ask you again for your authorization to use cookies.<\/p>\n<p>If you still decide to modify the configuration of your access to the website, you should know that it is possible to delete cookies or prevent this information from being recorded on your computer at any time by modifying the configuration parameters of your browser:<\/p>\n<p><a href=\"http:\/\/windows.microsoft.com\/es-es\/windows-vista\/block-or-allow-cookies\" target=\"_blank\" rel=\"noopener\">Internet Explorer cookie settings<\/a><br \/><a href=\"http:\/\/support.mozilla.org\/es\/kb\/habilitar-y-deshabilitar-cookies-que-los-sitios-we\" target=\"_blank\" rel=\"noopener\">Firefox cookie settings<\/a><br \/><a href=\"https:\/\/support.google.com\/chrome\/answer\/95647?hl=es\" target=\"_blank\" rel=\"noopener\">Google Chrome Cookie Settings<\/a><br \/><a href=\"http:\/\/support.apple.com\/kb\/HT1677?viewlocale=es_ES&amp;locale=es_ES\" target=\"_blank\" rel=\"noopener\">Safari cookie settings<\/a><\/p>\n<p>These browsers are subject to updates or modifications, so we cannot guarantee that they will fully conform to your browser version. To avoid these mismatches, you can access them directly from your browser options which are usually found in the Options menu, in the &#8220;Privacy&#8221; section. (Please refer to your browser&#8217;s help for more information.)<\/p>\n<h3><b>What does it mean to accept cookies?<\/b><\/h3>\n<p>If you accept our cookies, you allow us to improve the Hotel Albares website in order to offer you optimal access and provide you with a more efficient and personalized service.<br \/>In addition, you can configure your browser to establish that only trusted websites or pages you are currently browsing can manage cookies allowing you to select your preferences.<\/p>\n<p>By providing this policy, Hotel Albares demonstrates its commitment to the current legislation on the use of cookies, providing you with information so that you can understand what type of cookies we use and why we do so. With this, we intend to provide you with transparency regarding the data processed about the navigation made from your computer on our website. <\/p>\n<p>Esta pol\u00edtica se revisa peri\u00f3dicamente para garantizar su validez, por lo que puede ser modificada. Le recomendamos que visite peri\u00f3dicamente la p\u00e1gina, donde le informaremos de cualquier actualizaci\u00f3n al respecto.<\/p>\n\t\t\t\t\t\t<\/div>\n\t\t\t\t<\/div>\n\t\t\t\t\t<\/div>\n\t\t\t\t<\/div>\n\t\t\t\t\t<\/div>\n\t\t\t\t<\/div>\n\t\t\t\t<\/div>\n\t\t","protected":false},"excerpt":{"rendered":"<p>Cookie policy Home Cookie policy Legal texts Hotel Albares&#8217; cookie policy What are cookies? Cookies are small data files that are received by the terminal from the visited website and are used to record certain browsing interactions on a website by storing data that can be updated and retrieved. These files are stored on the [&hellip;]<\/p>\n","protected":false},"author":4,"featured_media":0,"parent":0,"menu_order":75,"comment_status":"closed","ping_status":"closed","template":"","meta":{"footnotes":""},"class_list":["post-678","page","type-page","status-publish","hentry"],"yoast_head":"<!-- This site is optimized with the Yoast SEO plugin v23.4 - https:\/\/yoast.com\/wordpress\/plugins\/seo\/ -->\n<title>Cookie policy - Hotel Albares, Vielha (Spain)<\/title>\n<meta name=\"description\" content=\"Visit the cookie policy of the website of Hotel Albares and book your vacation in the center of Vielha, in the Aran Valley (Spain).\" \/>\n<meta name=\"robots\" content=\"noindex, follow\" \/>\n<meta property=\"og:locale\" content=\"en_US\" \/>\n<meta property=\"og:type\" content=\"article\" \/>\n<meta property=\"og:title\" content=\"Cookie policy - Hotel Albares, Vielha (Spain)\" \/>\n<meta property=\"og:description\" content=\"Visit the cookie policy of the website of Hotel Albares and book your vacation in the center of Vielha, in the Aran Valley (Spain).\" \/>\n<meta property=\"og:url\" content=\"https:\/\/www.hotelalbares.com\/en\/cookie-policy\/\" \/>\n<meta property=\"og:site_name\" content=\"Hotel Albares\" \/>\n<meta property=\"article:modified_time\" content=\"2024-10-14T10:04:30+00:00\" \/>\n<meta property=\"og:image\" content=\"https:\/\/www.hotelalbares.com\/wp-content\/uploads\/2024\/10\/habitacion-doble-balcon-cama-hotel-albares-vielha-cataluna-espana-1.jpg\" \/>\n\t<meta property=\"og:image:width\" content=\"1280\" \/>\n\t<meta property=\"og:image:height\" content=\"848\" \/>\n\t<meta property=\"og:image:type\" content=\"image\/jpeg\" \/>\n<meta name=\"twitter:card\" content=\"summary_large_image\" \/>\n<meta name=\"twitter:label1\" content=\"Est. reading time\" \/>\n\t<meta name=\"twitter:data1\" content=\"5 minutes\" \/>\n<script type=\"application\/ld+json\" class=\"yoast-schema-graph\">{\"@context\":\"https:\/\/schema.org\",\"@graph\":[{\"@type\":\"WebPage\",\"@id\":\"https:\/\/www.hotelalbares.com\/en\/cookie-policy\/\",\"url\":\"https:\/\/www.hotelalbares.com\/en\/cookie-policy\/\",\"name\":\"Cookie policy - Hotel Albares, Vielha (Spain)\",\"isPartOf\":{\"@id\":\"https:\/\/www.hotelalbares.com\/en\/#website\"},\"datePublished\":\"2024-03-07T09:50:32+00:00\",\"dateModified\":\"2024-10-14T10:04:30+00:00\",\"description\":\"Visit the cookie policy of the website of Hotel Albares and book your vacation in the center of Vielha, in the Aran Valley (Spain).\",\"breadcrumb\":{\"@id\":\"https:\/\/www.hotelalbares.com\/en\/cookie-policy\/#breadcrumb\"},\"inLanguage\":\"en-US\",\"potentialAction\":[{\"@type\":\"ReadAction\",\"target\":[\"https:\/\/www.hotelalbares.com\/en\/cookie-policy\/\"]}]},{\"@type\":\"BreadcrumbList\",\"@id\":\"https:\/\/www.hotelalbares.com\/en\/cookie-policy\/#breadcrumb\",\"itemListElement\":[{\"@type\":\"ListItem\",\"position\":1,\"name\":\"Home\",\"item\":\"https:\/\/www.hotelalbares.com\/en\/\"},{\"@type\":\"ListItem\",\"position\":2,\"name\":\"Cookie policy\"}]},{\"@type\":\"WebSite\",\"@id\":\"https:\/\/www.hotelalbares.com\/en\/#website\",\"url\":\"https:\/\/www.hotelalbares.com\/en\/\",\"name\":\"Hotel Albares\",\"description\":\"\",\"publisher\":{\"@id\":\"https:\/\/www.hotelalbares.com\/en\/#organization\"},\"potentialAction\":[{\"@type\":\"SearchAction\",\"target\":{\"@type\":\"EntryPoint\",\"urlTemplate\":\"https:\/\/www.hotelalbares.com\/en\/?s={search_term_string}\"},\"query-input\":{\"@type\":\"PropertyValueSpecification\",\"valueRequired\":true,\"valueName\":\"search_term_string\"}}],\"inLanguage\":\"en-US\"},{\"@type\":\"Organization\",\"@id\":\"https:\/\/www.hotelalbares.com\/en\/#organization\",\"name\":\"Hotel Albares\",\"url\":\"https:\/\/www.hotelalbares.com\/en\/\",\"logo\":{\"@type\":\"ImageObject\",\"inLanguage\":\"en-US\",\"@id\":\"https:\/\/www.hotelalbares.com\/en\/#\/schema\/logo\/image\/\",\"url\":\"https:\/\/www.hotelalbares.com\/wp-content\/uploads\/2024\/02\/Logo_Hotel-Albares.svg\",\"contentUrl\":\"https:\/\/www.hotelalbares.com\/wp-content\/uploads\/2024\/02\/Logo_Hotel-Albares.svg\",\"width\":1313.112,\"height\":431.481,\"caption\":\"Hotel Albares\"},\"image\":{\"@id\":\"https:\/\/www.hotelalbares.com\/en\/#\/schema\/logo\/image\/\"}}]}<\/script>\n<!-- \/ Yoast SEO plugin. -->","yoast_head_json":{"title":"Cookie policy - Hotel Albares, Vielha (Spain)","description":"Visit the cookie policy of the website of Hotel Albares and book your vacation in the center of Vielha, in the Aran Valley (Spain).","robots":{"index":"noindex","follow":"follow"},"og_locale":"en_US","og_type":"article","og_title":"Cookie policy - Hotel Albares, Vielha (Spain)","og_description":"Visit the cookie policy of the website of Hotel Albares and book your vacation in the center of Vielha, in the Aran Valley (Spain).","og_url":"https:\/\/www.hotelalbares.com\/en\/cookie-policy\/","og_site_name":"Hotel Albares","article_modified_time":"2024-10-14T10:04:30+00:00","og_image":[{"width":1280,"height":848,"url":"https:\/\/www.hotelalbares.com\/wp-content\/uploads\/2024\/10\/habitacion-doble-balcon-cama-hotel-albares-vielha-cataluna-espana-1.jpg","type":"image\/jpeg"}],"twitter_card":"summary_large_image","twitter_misc":{"Est. reading time":"5 minutes"},"schema":{"@context":"https:\/\/schema.org","@graph":[{"@type":"WebPage","@id":"https:\/\/www.hotelalbares.com\/en\/cookie-policy\/","url":"https:\/\/www.hotelalbares.com\/en\/cookie-policy\/","name":"Cookie policy - Hotel Albares, Vielha (Spain)","isPartOf":{"@id":"https:\/\/www.hotelalbares.com\/en\/#website"},"datePublished":"2024-03-07T09:50:32+00:00","dateModified":"2024-10-14T10:04:30+00:00","description":"Visit the cookie policy of the website of Hotel Albares and book your vacation in the center of Vielha, in the Aran Valley (Spain).","breadcrumb":{"@id":"https:\/\/www.hotelalbares.com\/en\/cookie-policy\/#breadcrumb"},"inLanguage":"en-US","potentialAction":[{"@type":"ReadAction","target":["https:\/\/www.hotelalbares.com\/en\/cookie-policy\/"]}]},{"@type":"BreadcrumbList","@id":"https:\/\/www.hotelalbares.com\/en\/cookie-policy\/#breadcrumb","itemListElement":[{"@type":"ListItem","position":1,"name":"Home","item":"https:\/\/www.hotelalbares.com\/en\/"},{"@type":"ListItem","position":2,"name":"Cookie policy"}]},{"@type":"WebSite","@id":"https:\/\/www.hotelalbares.com\/en\/#website","url":"https:\/\/www.hotelalbares.com\/en\/","name":"Hotel Albares","description":"","publisher":{"@id":"https:\/\/www.hotelalbares.com\/en\/#organization"},"potentialAction":[{"@type":"SearchAction","target":{"@type":"EntryPoint","urlTemplate":"https:\/\/www.hotelalbares.com\/en\/?s={search_term_string}"},"query-input":{"@type":"PropertyValueSpecification","valueRequired":true,"valueName":"search_term_string"}}],"inLanguage":"en-US"},{"@type":"Organization","@id":"https:\/\/www.hotelalbares.com\/en\/#organization","name":"Hotel Albares","url":"https:\/\/www.hotelalbares.com\/en\/","logo":{"@type":"ImageObject","inLanguage":"en-US","@id":"https:\/\/www.hotelalbares.com\/en\/#\/schema\/logo\/image\/","url":"https:\/\/www.hotelalbares.com\/wp-content\/uploads\/2024\/02\/Logo_Hotel-Albares.svg","contentUrl":"https:\/\/www.hotelalbares.com\/wp-content\/uploads\/2024\/02\/Logo_Hotel-Albares.svg","width":1313.112,"height":431.481,"caption":"Hotel Albares"},"image":{"@id":"https:\/\/www.hotelalbares.com\/en\/#\/schema\/logo\/image\/"}}]}},"_links":{"self":[{"href":"https:\/\/www.hotelalbares.com\/en\/wp-json\/wp\/v2\/pages\/678","targetHints":{"allow":["GET"]}}],"collection":[{"href":"https:\/\/www.hotelalbares.com\/en\/wp-json\/wp\/v2\/pages"}],"about":[{"href":"https:\/\/www.hotelalbares.com\/en\/wp-json\/wp\/v2\/types\/page"}],"author":[{"embeddable":true,"href":"https:\/\/www.hotelalbares.com\/en\/wp-json\/wp\/v2\/users\/4"}],"replies":[{"embeddable":true,"href":"https:\/\/www.hotelalbares.com\/en\/wp-json\/wp\/v2\/comments?post=678"}],"version-history":[{"count":11,"href":"https:\/\/www.hotelalbares.com\/en\/wp-json\/wp\/v2\/pages\/678\/revisions"}],"predecessor-version":[{"id":5682,"href":"https:\/\/www.hotelalbares.com\/en\/wp-json\/wp\/v2\/pages\/678\/revisions\/5682"}],"wp:attachment":[{"href":"https:\/\/www.hotelalbares.com\/en\/wp-json\/wp\/v2\/media?parent=678"}],"curies":[{"name":"wp","href":"https:\/\/api.w.org\/{rel}","templated":true}]}}